{"id":36469,"date":"2025-06-21T18:35:36","date_gmt":"2025-06-21T18:35:36","guid":{"rendered":"https:\/\/www.papeleriaaquarela.com\/?post_type=product&#038;p=36469"},"modified":"2025-09-22T15:42:38","modified_gmt":"2025-09-22T15:42:38","slug":"en-route-pour-le-francais-cm1-cm2-manuel-de-leleve-ed-2025-9782401115590","status":"publish","type":"product","link":"https:\/\/www.papeleriaaquarela.com\/?product=en-route-pour-le-francais-cm1-cm2-manuel-de-leleve-ed-2025-9782401115590","title":{"rendered":"En route pour le fran\u00e7ais Cm1-Cm2 Manuel de l&#8217;\u00e9l\u00e8ve ed 2025 9782401115590"},"content":{"rendered":"","protected":false},"excerpt":{"rendered":"","protected":false},"featured_media":36470,"template":"","meta":[],"product_brand":[],"product_cat":[1045],"product_tag":[],"class_list":{"0":"post-36469","1":"product","2":"type-product","3":"status-publish","4":"has-post-thumbnail","6":"product_cat-manuales-escolares-cm1","8":"first","9":"instock","10":"taxable","11":"shipping-taxable","12":"purchasable","13":"product-type-simple"},"_links":{"self":[{"href":"https:\/\/www.papeleriaaquarela.com\/index.php?rest_route=\/wp\/v2\/product\/36469","targetHints":{"allow":["GET"]}}],"collection":[{"href":"https:\/\/www.papeleriaaquarela.com\/index.php?rest_route=\/wp\/v2\/product"}],"about":[{"href":"https:\/\/www.papeleriaaquarela.com\/index.php?rest_route=\/wp\/v2\/types\/product"}],"version-history":[{"count":1,"href":"https:\/\/www.papeleriaaquarela.com\/index.php?rest_route=\/wp\/v2\/product\/36469\/revisions"}],"predecessor-version":[{"id":36471,"href":"https:\/\/www.papeleriaaquarela.com\/index.php?rest_route=\/wp\/v2\/product\/36469\/revisions\/36471"}],"wp:featuredmedia":[{"embeddable":true,"href":"https:\/\/www.papeleriaaquarela.com\/index.php?rest_route=\/wp\/v2\/media\/36470"}],"wp:attachment":[{"href":"https:\/\/www.papeleriaaquarela.com\/index.php?rest_route=%2Fwp%2Fv2%2Fmedia&parent=36469"}],"wp:term":[{"taxonomy":"product_brand","embeddable":true,"href":"https:\/\/www.papeleriaaquarela.com\/index.php?rest_route=%2Fwp%2Fv2%2Fproduct_brand&post=36469"},{"taxonomy":"product_cat","embeddable":true,"href":"https:\/\/www.papeleriaaquarela.com\/index.php?rest_route=%2Fwp%2Fv2%2Fproduct_cat&post=36469"},{"taxonomy":"product_tag","embeddable":true,"href":"https:\/\/www.papeleriaaquarela.com\/index.php?rest_route=%2Fwp%2Fv2%2Fproduct_tag&post=36469"}],"curies":[{"name":"wp","href":"https:\/\/api.w.org\/{rel}","templated":true}]}}