{"id":36016,"date":"2024-06-24T15:12:35","date_gmt":"2024-06-24T15:12:35","guid":{"rendered":"https:\/\/www.papeleriaaquarela.com\/?product=compas-noris-club-550-r-55001"},"modified":"2025-06-30T06:37:03","modified_gmt":"2025-06-30T06:37:03","slug":"compas-noris-club-550-r-55001","status":"publish","type":"product","link":"https:\/\/www.papeleriaaquarela.com\/?product=compas-noris-club-550-r-55001","title":{"rendered":"COMPAS NORIS CLUB 550 R: 55001"},"content":{"rendered":"<p><span>Comp\u00e1s escolar de precisi\u00f3n con rueda de ajuste central, di\u00e1metro m\u00e1ximo del c\u00edrculo 260 mm y con alargadera 395 mm. Recomendado para uso escolar. Estuche de pl\u00e1stico con tapa transparente abatible con borde en forma de regla de 170 mm, con:comp\u00e1s, tubo de minas y adaptador universal.<\/span><\/p>\n","protected":false},"excerpt":{"rendered":"<p><span>Comp\u00e1s escolar de precisi\u00f3n con rueda de ajuste central, di\u00e1metro m\u00e1ximo del c\u00edrculo 260 mm y con alargadera 395 mm. Recomendado para uso escolar. Estuche de pl\u00e1stico con tapa transparente abatible con borde en forma de regla de 170 mm, con:comp\u00e1s, tubo de minas y adaptador universal.<\/span><\/p>\n","protected":false},"featured_media":36012,"template":"","meta":[],"product_brand":[],"product_cat":[1066,1063,1069],"product_tag":[],"class_list":{"0":"post-36016","1":"product","2":"type-product","3":"status-publish","4":"has-post-thumbnail","6":"product_cat-material-escolar-1ere","7":"product_cat-material-escolar-2nde","8":"product_cat-material-escolar-terminale","10":"first","11":"instock","12":"taxable","13":"shipping-taxable","14":"purchasable","15":"product-type-simple"},"_links":{"self":[{"href":"https:\/\/www.papeleriaaquarela.com\/index.php?rest_route=\/wp\/v2\/product\/36016","targetHints":{"allow":["GET"]}}],"collection":[{"href":"https:\/\/www.papeleriaaquarela.com\/index.php?rest_route=\/wp\/v2\/product"}],"about":[{"href":"https:\/\/www.papeleriaaquarela.com\/index.php?rest_route=\/wp\/v2\/types\/product"}],"version-history":[{"count":1,"href":"https:\/\/www.papeleriaaquarela.com\/index.php?rest_route=\/wp\/v2\/product\/36016\/revisions"}],"predecessor-version":[{"id":36820,"href":"https:\/\/www.papeleriaaquarela.com\/index.php?rest_route=\/wp\/v2\/product\/36016\/revisions\/36820"}],"wp:featuredmedia":[{"embeddable":true,"href":"https:\/\/www.papeleriaaquarela.com\/index.php?rest_route=\/wp\/v2\/media\/36012"}],"wp:attachment":[{"href":"https:\/\/www.papeleriaaquarela.com\/index.php?rest_route=%2Fwp%2Fv2%2Fmedia&parent=36016"}],"wp:term":[{"taxonomy":"product_brand","embeddable":true,"href":"https:\/\/www.papeleriaaquarela.com\/index.php?rest_route=%2Fwp%2Fv2%2Fproduct_brand&post=36016"},{"taxonomy":"product_cat","embeddable":true,"href":"https:\/\/www.papeleriaaquarela.com\/index.php?rest_route=%2Fwp%2Fv2%2Fproduct_cat&post=36016"},{"taxonomy":"product_tag","embeddable":true,"href":"https:\/\/www.papeleriaaquarela.com\/index.php?rest_route=%2Fwp%2Fv2%2Fproduct_tag&post=36016"}],"curies":[{"name":"wp","href":"https:\/\/api.w.org\/{rel}","templated":true}]}}