{"id":36004,"date":"2024-06-24T01:25:58","date_gmt":"2024-06-24T01:25:58","guid":{"rendered":"https:\/\/www.papeleriaaquarela.com\/?product=geografia-de-espana-de-segundo-de-bach-1ere-9788414332177"},"modified":"2025-07-13T19:49:23","modified_gmt":"2025-07-13T19:49:23","slug":"geografia-de-espana-de-segundo-de-bach-1ere-9788414332177","status":"publish","type":"product","link":"https:\/\/www.papeleriaaquarela.com\/?product=geografia-de-espana-de-segundo-de-bach-1ere-9788414332177","title":{"rendered":"Geograf\u00eda de Espa\u00f1a de Segundo de Bach 1\u00e8re 9788414332177"},"content":{"rendered":"","protected":false},"excerpt":{"rendered":"","protected":false},"featured_media":36003,"template":"","meta":[],"product_brand":[],"product_cat":[1065,1068],"product_tag":[],"class_list":{"0":"post-36004","1":"product","2":"type-product","3":"status-publish","4":"has-post-thumbnail","6":"product_cat-manuales-escolares-1ere","7":"product_cat-manuales-escolares-terminale","9":"first","10":"instock","11":"taxable","12":"shipping-taxable","13":"purchasable","14":"product-type-simple"},"_links":{"self":[{"href":"https:\/\/www.papeleriaaquarela.com\/index.php?rest_route=\/wp\/v2\/product\/36004","targetHints":{"allow":["GET"]}}],"collection":[{"href":"https:\/\/www.papeleriaaquarela.com\/index.php?rest_route=\/wp\/v2\/product"}],"about":[{"href":"https:\/\/www.papeleriaaquarela.com\/index.php?rest_route=\/wp\/v2\/types\/product"}],"version-history":[{"count":1,"href":"https:\/\/www.papeleriaaquarela.com\/index.php?rest_route=\/wp\/v2\/product\/36004\/revisions"}],"predecessor-version":[{"id":36590,"href":"https:\/\/www.papeleriaaquarela.com\/index.php?rest_route=\/wp\/v2\/product\/36004\/revisions\/36590"}],"wp:featuredmedia":[{"embeddable":true,"href":"https:\/\/www.papeleriaaquarela.com\/index.php?rest_route=\/wp\/v2\/media\/36003"}],"wp:attachment":[{"href":"https:\/\/www.papeleriaaquarela.com\/index.php?rest_route=%2Fwp%2Fv2%2Fmedia&parent=36004"}],"wp:term":[{"taxonomy":"product_brand","embeddable":true,"href":"https:\/\/www.papeleriaaquarela.com\/index.php?rest_route=%2Fwp%2Fv2%2Fproduct_brand&post=36004"},{"taxonomy":"product_cat","embeddable":true,"href":"https:\/\/www.papeleriaaquarela.com\/index.php?rest_route=%2Fwp%2Fv2%2Fproduct_cat&post=36004"},{"taxonomy":"product_tag","embeddable":true,"href":"https:\/\/www.papeleriaaquarela.com\/index.php?rest_route=%2Fwp%2Fv2%2Fproduct_tag&post=36004"}],"curies":[{"name":"wp","href":"https:\/\/api.w.org\/{rel}","templated":true}]}}