{"id":35960,"date":"2024-06-23T00:25:17","date_gmt":"2024-06-23T00:25:17","guid":{"rendered":"https:\/\/www.papeleriaaquarela.com\/?product=cahier-de-francais-4e-ed-2024-cahier-eleve-9782401109384"},"modified":"2025-12-26T14:14:56","modified_gmt":"2025-12-26T14:14:56","slug":"cahier-de-francais-4e-ed-2024-cahier-eleve-9782401109384","status":"publish","type":"product","link":"https:\/\/www.papeleriaaquarela.com\/?product=cahier-de-francais-4e-ed-2024-cahier-eleve-9782401109384","title":{"rendered":"Cahier de Fran\u00e7ais 4e &#8211; Ed. 2024 &#8211; Cahier \u00e9l\u00e8ve 9782401109384"},"content":{"rendered":"","protected":false},"excerpt":{"rendered":"","protected":false},"featured_media":35959,"template":"","meta":[],"product_brand":[],"product_cat":[1056],"product_tag":[],"class_list":{"0":"post-35960","1":"product","2":"type-product","3":"status-publish","4":"has-post-thumbnail","6":"product_cat-manuales-escolares-4eme","8":"first","9":"instock","10":"taxable","11":"shipping-taxable","12":"purchasable","13":"product-type-simple"},"_links":{"self":[{"href":"https:\/\/www.papeleriaaquarela.com\/index.php?rest_route=\/wp\/v2\/product\/35960","targetHints":{"allow":["GET"]}}],"collection":[{"href":"https:\/\/www.papeleriaaquarela.com\/index.php?rest_route=\/wp\/v2\/product"}],"about":[{"href":"https:\/\/www.papeleriaaquarela.com\/index.php?rest_route=\/wp\/v2\/types\/product"}],"version-history":[{"count":1,"href":"https:\/\/www.papeleriaaquarela.com\/index.php?rest_route=\/wp\/v2\/product\/35960\/revisions"}],"predecessor-version":[{"id":36524,"href":"https:\/\/www.papeleriaaquarela.com\/index.php?rest_route=\/wp\/v2\/product\/35960\/revisions\/36524"}],"wp:featuredmedia":[{"embeddable":true,"href":"https:\/\/www.papeleriaaquarela.com\/index.php?rest_route=\/wp\/v2\/media\/35959"}],"wp:attachment":[{"href":"https:\/\/www.papeleriaaquarela.com\/index.php?rest_route=%2Fwp%2Fv2%2Fmedia&parent=35960"}],"wp:term":[{"taxonomy":"product_brand","embeddable":true,"href":"https:\/\/www.papeleriaaquarela.com\/index.php?rest_route=%2Fwp%2Fv2%2Fproduct_brand&post=35960"},{"taxonomy":"product_cat","embeddable":true,"href":"https:\/\/www.papeleriaaquarela.com\/index.php?rest_route=%2Fwp%2Fv2%2Fproduct_cat&post=35960"},{"taxonomy":"product_tag","embeddable":true,"href":"https:\/\/www.papeleriaaquarela.com\/index.php?rest_route=%2Fwp%2Fv2%2Fproduct_tag&post=35960"}],"curies":[{"name":"wp","href":"https:\/\/api.w.org\/{rel}","templated":true}]}}