{"id":34599,"date":"2025-06-26T09:46:51","date_gmt":"2025-06-26T09:46:51","guid":{"rendered":"https:\/\/www.papeleriaaquarela.com\/?post_type=product&#038;p=34599"},"modified":"2025-08-11T06:02:29","modified_gmt":"2025-08-11T06:02:29","slug":"casio-fx-82sp-cw-calculadora-cientifica","status":"publish","type":"product","link":"https:\/\/www.papeleriaaquarela.com\/?product=casio-fx-82sp-cw-calculadora-cientifica","title":{"rendered":"Casio FX-82SP CW &#8211; Calculadora Cient\u00edfica"},"content":{"rendered":"<ul class=\"a-unordered-list a-vertical a-spacing-mini\">\n<li class=\"a-spacing-mini\"><span class=\"a-list-item\">Escritura natural, pantalla de 4 a 6 l\u00edneas de alta resoluci\u00f3n<\/span><\/li>\n<li class=\"a-spacing-mini\"><span class=\"a-list-item\">M\u00e1s de 300 funciones; simplificaci\u00f3n de fracciones, factorizaci\u00f3n en n\u00fameros primos, MCM y MCD<\/span><\/li>\n<li class=\"a-spacing-mini\"><span class=\"a-list-item\">Funciones trigonom\u00e9tricas, hiperb\u00f3licas, exponenciales y logar\u00edtmicas; estad\u00edstica<\/span><\/li>\n<li class=\"a-spacing-mini\"><span class=\"a-list-item\">C\u00f3digo QR; men\u00fa MathBox<\/span><\/li>\n<\/ul>\n<table class=\"a-normal a-spacing-micro\" width=\"520\" style=\"height:252px;\">\n<tbody>\n<tr class=\"a-spacing-small po-brand\">\n<td class=\"a-span3\"><span class=\"a-size-base a-text-bold\">Marca<\/span><\/td>\n<td class=\"a-span9\"><span class=\"a-size-base po-break-word\">Casio<\/span><\/td>\n<\/tr>\n<tr class=\"a-spacing-small po-color\">\n<td class=\"a-span3\"><span class=\"a-size-base a-text-bold\">Color<\/span><\/td>\n<td class=\"a-span9\"><span class=\"a-size-base po-break-word\">Gris Oscuro<\/span><\/td>\n<\/tr>\n<tr class=\"a-spacing-small po-calculator_type\">\n<td class=\"a-span3\"><span class=\"a-size-base a-text-bold\">Tipo de calculadora<\/span><\/td>\n<td class=\"a-span9\"><span class=\"a-size-base po-break-word\">Ingenier\u00eda\/Cient\u00edfica<\/span><\/td>\n<\/tr>\n<tr class=\"a-spacing-small po-power_source_type\">\n<td class=\"a-span3\"><span class=\"a-size-base a-text-bold\">Fuente de alimentaci\u00f3n<\/span><\/td>\n<td class=\"a-span9\"><span class=\"a-size-base po-break-word\">Bater\u00eda<\/span><\/td>\n<\/tr>\n<tr class=\"a-spacing-small po-num_batteries\">\n<td class=\"a-span3\"><span class=\"a-size-base a-text-bold\">Cantidad de pilas<\/span><\/td>\n<td class=\"a-span9\"><span class=\"a-size-base po-break-word\">1 AAA necesaria(s), incluida(s)<\/span><\/td>\n<\/tr>\n<tr class=\"a-spacing-small po-model_name\">\n<td class=\"a-span3\"><span class=\"a-size-base a-text-bold\">Nombre del modelo<\/span><\/td>\n<td class=\"a-span9\"><span class=\"a-size-base po-break-word\">FX-82SPCW-W-ET<\/span><\/td>\n<\/tr>\n<tr class=\"a-spacing-small po-material\">\n<td class=\"a-span3\"><span class=\"a-size-base a-text-bold\">Material<\/span><\/td>\n<td class=\"a-span9\"><span class=\"a-size-base po-break-word\">Pl\u00e1stico<\/span><\/td>\n<\/tr>\n<tr class=\"a-spacing-small po-item_length_width\">\n<td class=\"a-span3\"><span class=\"a-size-base a-text-bold\">Dimensiones del producto<\/span><\/td>\n<td class=\"a-span9\"><span class=\"a-size-base po-break-word\">16,2L x 7,7W cent\u00edmetros<\/span><\/td>\n<\/tr>\n<tr class=\"a-spacing-small po-eu_spare_part_availability_duration\">\n<td class=\"a-span3\"><span class=\"a-size-base a-text-bold\">null<\/span><\/td>\n<td class=\"a-span9\"><span class=\"a-size-base po-break-word\">2 A\u00f1os<\/span><\/td>\n<\/tr>\n<\/tbody>\n<\/table><\/p>\n","protected":false},"excerpt":{"rendered":"<ul class=\"a-unordered-list a-vertical a-spacing-mini\">\n<li class=\"a-spacing-mini\"><span class=\"a-list-item\">Escritura natural, pantalla de 4 a 6 l\u00edneas de alta resoluci\u00f3n<\/span><\/li>\n<li class=\"a-spacing-mini\"><span class=\"a-list-item\">M\u00e1s de 300 funciones; simplificaci\u00f3n de fracciones, factorizaci\u00f3n en n\u00fameros primos, MCM y MCD<\/span><\/li>\n<li class=\"a-spacing-mini\"><span class=\"a-list-item\">Funciones trigonom\u00e9tricas, hiperb\u00f3licas, exponenciales y logar\u00edtmicas; estad\u00edstica<\/span><\/li>\n<li class=\"a-spacing-mini\"><span class=\"a-list-item\">C\u00f3digo QR; men\u00fa MathBox<\/span><\/li>\n<\/ul>\n","protected":false},"featured_media":34598,"template":"","meta":[],"product_brand":[],"product_cat":[1060,1057,1054,1051],"product_tag":[],"class_list":{"0":"post-34599","1":"product","2":"type-product","3":"status-publish","4":"has-post-thumbnail","6":"product_cat-material-escolar-3eme","7":"product_cat-material-escolar-4eme","8":"product_cat-material-escolar-5eme","9":"product_cat-material-escolar-6eme","11":"first","12":"instock","13":"taxable","14":"shipping-taxable","15":"purchasable","16":"product-type-simple"},"_links":{"self":[{"href":"https:\/\/www.papeleriaaquarela.com\/index.php?rest_route=\/wp\/v2\/product\/34599","targetHints":{"allow":["GET"]}}],"collection":[{"href":"https:\/\/www.papeleriaaquarela.com\/index.php?rest_route=\/wp\/v2\/product"}],"about":[{"href":"https:\/\/www.papeleriaaquarela.com\/index.php?rest_route=\/wp\/v2\/types\/product"}],"version-history":[{"count":1,"href":"https:\/\/www.papeleriaaquarela.com\/index.php?rest_route=\/wp\/v2\/product\/34599\/revisions"}],"predecessor-version":[{"id":36641,"href":"https:\/\/www.papeleriaaquarela.com\/index.php?rest_route=\/wp\/v2\/product\/34599\/revisions\/36641"}],"wp:featuredmedia":[{"embeddable":true,"href":"https:\/\/www.papeleriaaquarela.com\/index.php?rest_route=\/wp\/v2\/media\/34598"}],"wp:attachment":[{"href":"https:\/\/www.papeleriaaquarela.com\/index.php?rest_route=%2Fwp%2Fv2%2Fmedia&parent=34599"}],"wp:term":[{"taxonomy":"product_brand","embeddable":true,"href":"https:\/\/www.papeleriaaquarela.com\/index.php?rest_route=%2Fwp%2Fv2%2Fproduct_brand&post=34599"},{"taxonomy":"product_cat","embeddable":true,"href":"https:\/\/www.papeleriaaquarela.com\/index.php?rest_route=%2Fwp%2Fv2%2Fproduct_cat&post=34599"},{"taxonomy":"product_tag","embeddable":true,"href":"https:\/\/www.papeleriaaquarela.com\/index.php?rest_route=%2Fwp%2Fv2%2Fproduct_tag&post=34599"}],"curies":[{"name":"wp","href":"https:\/\/api.w.org\/{rel}","templated":true}]}}