{"id":34443,"date":"2019-06-17T14:53:55","date_gmt":"2019-06-17T14:53:55","guid":{"rendered":"https:\/\/www.papeleriaaquarela.com\/?product=philosophie-terminale-generale-ed-marchal-2020-manuel-eleve-9782210114173"},"modified":"2025-09-15T10:29:32","modified_gmt":"2025-09-15T10:29:32","slug":"philosophie-terminale-generale-ed-marchal-2020-manuel-eleve-9782210114173","status":"publish","type":"product","link":"https:\/\/www.papeleriaaquarela.com\/?product=philosophie-terminale-generale-ed-marchal-2020-manuel-eleve-9782210114173","title":{"rendered":"Philosophie Terminale g\u00e9n\u00e9rale &#8211; Ed. Marchal (2020) &#8211; Manuel \u00e9l\u00e8ve 9782210114173"},"content":{"rendered":"<p style=\"margin-bottom:0cm;\">ENSEIGNEMENTS COMMUNS A TOUS LES ELEVES<\/p>\n","protected":false},"excerpt":{"rendered":"<p style=\"margin-bottom:0cm;\">ENSEIGNEMENTS COMMUNS A TOUS LES ELEVES<\/p>\n","protected":false},"featured_media":34442,"template":"","meta":[],"product_brand":[],"product_cat":[1068],"product_tag":[],"class_list":{"0":"post-34443","1":"product","2":"type-product","3":"status-publish","4":"has-post-thumbnail","6":"product_cat-manuales-escolares-terminale","8":"first","9":"instock","10":"taxable","11":"shipping-taxable","12":"purchasable","13":"product-type-simple"},"_links":{"self":[{"href":"https:\/\/www.papeleriaaquarela.com\/index.php?rest_route=\/wp\/v2\/product\/34443","targetHints":{"allow":["GET"]}}],"collection":[{"href":"https:\/\/www.papeleriaaquarela.com\/index.php?rest_route=\/wp\/v2\/product"}],"about":[{"href":"https:\/\/www.papeleriaaquarela.com\/index.php?rest_route=\/wp\/v2\/types\/product"}],"version-history":[{"count":1,"href":"https:\/\/www.papeleriaaquarela.com\/index.php?rest_route=\/wp\/v2\/product\/34443\/revisions"}],"predecessor-version":[{"id":36591,"href":"https:\/\/www.papeleriaaquarela.com\/index.php?rest_route=\/wp\/v2\/product\/34443\/revisions\/36591"}],"wp:featuredmedia":[{"embeddable":true,"href":"https:\/\/www.papeleriaaquarela.com\/index.php?rest_route=\/wp\/v2\/media\/34442"}],"wp:attachment":[{"href":"https:\/\/www.papeleriaaquarela.com\/index.php?rest_route=%2Fwp%2Fv2%2Fmedia&parent=34443"}],"wp:term":[{"taxonomy":"product_brand","embeddable":true,"href":"https:\/\/www.papeleriaaquarela.com\/index.php?rest_route=%2Fwp%2Fv2%2Fproduct_brand&post=34443"},{"taxonomy":"product_cat","embeddable":true,"href":"https:\/\/www.papeleriaaquarela.com\/index.php?rest_route=%2Fwp%2Fv2%2Fproduct_cat&post=34443"},{"taxonomy":"product_tag","embeddable":true,"href":"https:\/\/www.papeleriaaquarela.com\/index.php?rest_route=%2Fwp%2Fv2%2Fproduct_tag&post=34443"}],"curies":[{"name":"wp","href":"https:\/\/api.w.org\/{rel}","templated":true}]}}