{"id":34410,"date":"2019-06-16T23:01:10","date_gmt":"2019-06-16T23:01:10","guid":{"rendered":"https:\/\/www.papeleriaaquarela.com\/?product=sciences-economiques-et-sociales-1ere-2019-manuel-eleve-9782210111103"},"modified":"2025-09-10T17:58:54","modified_gmt":"2025-09-10T17:58:54","slug":"sciences-economiques-et-sociales-1ere-2019-manuel-eleve-9782210111103","status":"publish","type":"product","link":"https:\/\/www.papeleriaaquarela.com\/?product=sciences-economiques-et-sociales-1ere-2019-manuel-eleve-9782210111103","title":{"rendered":"Sciences \u00e9conomiques et sociales 1\u00e8re (2019) &#8211; Manuel \u00e9l\u00e8ve 9782210111103"},"content":{"rendered":"<p style=\"margin-bottom:0cm;\">3 ENSEIGNEMENTS DE SPECIALITE SELON LE CHOIX DE L\u2019ELEVE<\/p>\n","protected":false},"excerpt":{"rendered":"<p style=\"margin-bottom:0cm;\">3 ENSEIGNEMENTS DE SPECIALITE SELON LE CHOIX DE L\u2019ELEVE<\/p>\n","protected":false},"featured_media":34409,"template":"","meta":[],"product_brand":[],"product_cat":[1065],"product_tag":[],"class_list":{"0":"post-34410","1":"product","2":"type-product","3":"status-publish","4":"has-post-thumbnail","6":"product_cat-manuales-escolares-1ere","8":"first","9":"instock","10":"taxable","11":"shipping-taxable","12":"purchasable","13":"product-type-simple"},"_links":{"self":[{"href":"https:\/\/www.papeleriaaquarela.com\/index.php?rest_route=\/wp\/v2\/product\/34410","targetHints":{"allow":["GET"]}}],"collection":[{"href":"https:\/\/www.papeleriaaquarela.com\/index.php?rest_route=\/wp\/v2\/product"}],"about":[{"href":"https:\/\/www.papeleriaaquarela.com\/index.php?rest_route=\/wp\/v2\/types\/product"}],"version-history":[{"count":1,"href":"https:\/\/www.papeleriaaquarela.com\/index.php?rest_route=\/wp\/v2\/product\/34410\/revisions"}],"predecessor-version":[{"id":36578,"href":"https:\/\/www.papeleriaaquarela.com\/index.php?rest_route=\/wp\/v2\/product\/34410\/revisions\/36578"}],"wp:featuredmedia":[{"embeddable":true,"href":"https:\/\/www.papeleriaaquarela.com\/index.php?rest_route=\/wp\/v2\/media\/34409"}],"wp:attachment":[{"href":"https:\/\/www.papeleriaaquarela.com\/index.php?rest_route=%2Fwp%2Fv2%2Fmedia&parent=34410"}],"wp:term":[{"taxonomy":"product_brand","embeddable":true,"href":"https:\/\/www.papeleriaaquarela.com\/index.php?rest_route=%2Fwp%2Fv2%2Fproduct_brand&post=34410"},{"taxonomy":"product_cat","embeddable":true,"href":"https:\/\/www.papeleriaaquarela.com\/index.php?rest_route=%2Fwp%2Fv2%2Fproduct_cat&post=34410"},{"taxonomy":"product_tag","embeddable":true,"href":"https:\/\/www.papeleriaaquarela.com\/index.php?rest_route=%2Fwp%2Fv2%2Fproduct_tag&post=34410"}],"curies":[{"name":"wp","href":"https:\/\/api.w.org\/{rel}","templated":true}]}}