{"id":34400,"date":"2019-06-16T22:56:10","date_gmt":"2019-06-16T22:56:10","guid":{"rendered":"https:\/\/www.papeleriaaquarela.com\/?product=histoiregeographie-geopolitique-sciences-politiques-1re-specialite-livre-eleve-ed-2023-9782016281055"},"modified":"2025-09-10T17:58:41","modified_gmt":"2025-09-10T17:58:41","slug":"histoiregeographie-geopolitique-sciences-politiques-1re-specialite-livre-eleve-ed-2023-9782016281055","status":"publish","type":"product","link":"https:\/\/www.papeleriaaquarela.com\/?product=histoiregeographie-geopolitique-sciences-politiques-1re-specialite-livre-eleve-ed-2023-9782016281055","title":{"rendered":"Histoire\/G\u00e9ographie, G\u00e9opolitique,  Sciences politiques  1re Sp\u00e9cialit\u00e9 &#8211; Livre \u00e9l\u00e8ve &#8211; Ed. 2023 9782016281055"},"content":{"rendered":"<p style=\"margin-bottom:0cm;\">3 ENSEIGNEMENTS DE SPECIALITE SELON LE CHOIX DE L\u2019ELEVE<\/p>\n","protected":false},"excerpt":{"rendered":"<p style=\"margin-bottom:0cm;\">3 ENSEIGNEMENTS DE SPECIALITE SELON LE CHOIX DE L\u2019ELEVE<\/p>\n<p style=\"margin-bottom:0cm;\">\n","protected":false},"featured_media":34398,"template":"","meta":[],"product_brand":[],"product_cat":[1065],"product_tag":[],"class_list":{"0":"post-34400","1":"product","2":"type-product","3":"status-publish","4":"has-post-thumbnail","6":"product_cat-manuales-escolares-1ere","8":"first","9":"instock","10":"taxable","11":"shipping-taxable","12":"purchasable","13":"product-type-simple"},"_links":{"self":[{"href":"https:\/\/www.papeleriaaquarela.com\/index.php?rest_route=\/wp\/v2\/product\/34400","targetHints":{"allow":["GET"]}}],"collection":[{"href":"https:\/\/www.papeleriaaquarela.com\/index.php?rest_route=\/wp\/v2\/product"}],"about":[{"href":"https:\/\/www.papeleriaaquarela.com\/index.php?rest_route=\/wp\/v2\/types\/product"}],"version-history":[{"count":1,"href":"https:\/\/www.papeleriaaquarela.com\/index.php?rest_route=\/wp\/v2\/product\/34400\/revisions"}],"predecessor-version":[{"id":36576,"href":"https:\/\/www.papeleriaaquarela.com\/index.php?rest_route=\/wp\/v2\/product\/34400\/revisions\/36576"}],"wp:featuredmedia":[{"embeddable":true,"href":"https:\/\/www.papeleriaaquarela.com\/index.php?rest_route=\/wp\/v2\/media\/34398"}],"wp:attachment":[{"href":"https:\/\/www.papeleriaaquarela.com\/index.php?rest_route=%2Fwp%2Fv2%2Fmedia&parent=34400"}],"wp:term":[{"taxonomy":"product_brand","embeddable":true,"href":"https:\/\/www.papeleriaaquarela.com\/index.php?rest_route=%2Fwp%2Fv2%2Fproduct_brand&post=34400"},{"taxonomy":"product_cat","embeddable":true,"href":"https:\/\/www.papeleriaaquarela.com\/index.php?rest_route=%2Fwp%2Fv2%2Fproduct_cat&post=34400"},{"taxonomy":"product_tag","embeddable":true,"href":"https:\/\/www.papeleriaaquarela.com\/index.php?rest_route=%2Fwp%2Fv2%2Fproduct_tag&post=34400"}],"curies":[{"name":"wp","href":"https:\/\/api.w.org\/{rel}","templated":true}]}}