{"id":34264,"date":"2019-06-16T13:19:50","date_gmt":"2019-06-16T13:19:50","guid":{"rendered":"https:\/\/www.papeleriaaquarela.com\/?product=sciences-economiques-et-sociales-tle-manuel-eleve-2020-9782210113824"},"modified":"2025-07-13T19:49:24","modified_gmt":"2025-07-13T19:49:24","slug":"sciences-economiques-et-sociales-tle-manuel-eleve-2020-9782210113824","status":"publish","type":"product","link":"https:\/\/www.papeleriaaquarela.com\/?product=sciences-economiques-et-sociales-tle-manuel-eleve-2020-9782210113824","title":{"rendered":"Sciences \u00c9conomiques et Sociales TLE, manuel \u00e9l\u00e8ve (2020) 9782210113824"},"content":{"rendered":"<p style=\"margin-bottom:0cm;\">2 ENSEIGNEMENTS DE SPECIALITE SELON LE CHOIX DE L\u2019ELEVE<\/p>\n","protected":false},"excerpt":{"rendered":"<p style=\"margin-bottom:0cm;\">2 ENSEIGNEMENTS DE SPECIALITE SELON LE CHOIX DE L\u2019ELEVE<\/p>\n","protected":false},"featured_media":34263,"template":"","meta":[],"product_brand":[],"product_cat":[1068],"product_tag":[],"class_list":{"0":"post-34264","1":"product","2":"type-product","3":"status-publish","4":"has-post-thumbnail","6":"product_cat-manuales-escolares-terminale","8":"first","9":"instock","10":"taxable","11":"shipping-taxable","12":"purchasable","13":"product-type-simple"},"_links":{"self":[{"href":"https:\/\/www.papeleriaaquarela.com\/index.php?rest_route=\/wp\/v2\/product\/34264","targetHints":{"allow":["GET"]}}],"collection":[{"href":"https:\/\/www.papeleriaaquarela.com\/index.php?rest_route=\/wp\/v2\/product"}],"about":[{"href":"https:\/\/www.papeleriaaquarela.com\/index.php?rest_route=\/wp\/v2\/types\/product"}],"version-history":[{"count":1,"href":"https:\/\/www.papeleriaaquarela.com\/index.php?rest_route=\/wp\/v2\/product\/34264\/revisions"}],"predecessor-version":[{"id":36598,"href":"https:\/\/www.papeleriaaquarela.com\/index.php?rest_route=\/wp\/v2\/product\/34264\/revisions\/36598"}],"wp:featuredmedia":[{"embeddable":true,"href":"https:\/\/www.papeleriaaquarela.com\/index.php?rest_route=\/wp\/v2\/media\/34263"}],"wp:attachment":[{"href":"https:\/\/www.papeleriaaquarela.com\/index.php?rest_route=%2Fwp%2Fv2%2Fmedia&parent=34264"}],"wp:term":[{"taxonomy":"product_brand","embeddable":true,"href":"https:\/\/www.papeleriaaquarela.com\/index.php?rest_route=%2Fwp%2Fv2%2Fproduct_brand&post=34264"},{"taxonomy":"product_cat","embeddable":true,"href":"https:\/\/www.papeleriaaquarela.com\/index.php?rest_route=%2Fwp%2Fv2%2Fproduct_cat&post=34264"},{"taxonomy":"product_tag","embeddable":true,"href":"https:\/\/www.papeleriaaquarela.com\/index.php?rest_route=%2Fwp%2Fv2%2Fproduct_tag&post=34264"}],"curies":[{"name":"wp","href":"https:\/\/api.w.org\/{rel}","templated":true}]}}