{"id":34169,"date":"2019-06-15T18:16:09","date_gmt":"2019-06-15T18:16:09","guid":{"rendered":"https:\/\/www.papeleriaaquarela.com\/?product=mathematiques-mission-indigo-mathematiques-cycle-4-4eme-livre-eleve-ed-2020-9782017025443"},"modified":"2025-12-26T14:15:22","modified_gmt":"2025-12-26T14:15:22","slug":"mathematiques-mission-indigo-mathematiques-cycle-4-4eme-livre-eleve-ed-2020-9782017025443","status":"publish","type":"product","link":"https:\/\/www.papeleriaaquarela.com\/?product=mathematiques-mission-indigo-mathematiques-cycle-4-4eme-livre-eleve-ed-2020-9782017025443","title":{"rendered":"Math\u00e9matiques\u00a0: Mission Indigo math\u00e9matiques cycle 4 \/ 4\u00e8me &#8211; Livre \u00e9l\u00e8ve &#8211; \u00e9d. 2020 9782017025443"},"content":{"rendered":"","protected":false},"excerpt":{"rendered":"","protected":false},"featured_media":34168,"template":"","meta":[],"product_brand":[],"product_cat":[1056],"product_tag":[],"class_list":{"0":"post-34169","1":"product","2":"type-product","3":"status-publish","4":"has-post-thumbnail","6":"product_cat-manuales-escolares-4eme","8":"first","9":"instock","10":"taxable","11":"shipping-taxable","12":"purchasable","13":"product-type-simple"},"_links":{"self":[{"href":"https:\/\/www.papeleriaaquarela.com\/index.php?rest_route=\/wp\/v2\/product\/34169","targetHints":{"allow":["GET"]}}],"collection":[{"href":"https:\/\/www.papeleriaaquarela.com\/index.php?rest_route=\/wp\/v2\/product"}],"about":[{"href":"https:\/\/www.papeleriaaquarela.com\/index.php?rest_route=\/wp\/v2\/types\/product"}],"version-history":[{"count":1,"href":"https:\/\/www.papeleriaaquarela.com\/index.php?rest_route=\/wp\/v2\/product\/34169\/revisions"}],"predecessor-version":[{"id":36527,"href":"https:\/\/www.papeleriaaquarela.com\/index.php?rest_route=\/wp\/v2\/product\/34169\/revisions\/36527"}],"wp:featuredmedia":[{"embeddable":true,"href":"https:\/\/www.papeleriaaquarela.com\/index.php?rest_route=\/wp\/v2\/media\/34168"}],"wp:attachment":[{"href":"https:\/\/www.papeleriaaquarela.com\/index.php?rest_route=%2Fwp%2Fv2%2Fmedia&parent=34169"}],"wp:term":[{"taxonomy":"product_brand","embeddable":true,"href":"https:\/\/www.papeleriaaquarela.com\/index.php?rest_route=%2Fwp%2Fv2%2Fproduct_brand&post=34169"},{"taxonomy":"product_cat","embeddable":true,"href":"https:\/\/www.papeleriaaquarela.com\/index.php?rest_route=%2Fwp%2Fv2%2Fproduct_cat&post=34169"},{"taxonomy":"product_tag","embeddable":true,"href":"https:\/\/www.papeleriaaquarela.com\/index.php?rest_route=%2Fwp%2Fv2%2Fproduct_tag&post=34169"}],"curies":[{"name":"wp","href":"https:\/\/api.w.org\/{rel}","templated":true}]}}