{"id":34159,"date":"2019-06-15T18:04:35","date_gmt":"2019-06-15T18:04:35","guid":{"rendered":"https:\/\/www.papeleriaaquarela.com\/?product=histoire-geographie-emc-4eme-hachette-histoire-geographie-emc-version-2021-9782017066804"},"modified":"2025-12-26T14:15:05","modified_gmt":"2025-12-26T14:15:05","slug":"histoire-geographie-emc-4eme-hachette-histoire-geographie-emc-version-2021-9782017066804","status":"publish","type":"product","link":"https:\/\/www.papeleriaaquarela.com\/?product=histoire-geographie-emc-4eme-hachette-histoire-geographie-emc-version-2021-9782017066804","title":{"rendered":"Histoire-G\u00e9ographie EMC 4\u00e8me Hachette Histoire-g\u00e9ographie-EMC version 2021 9782017066804"},"content":{"rendered":"","protected":false},"excerpt":{"rendered":"","protected":false},"featured_media":34158,"template":"","meta":[],"product_brand":[],"product_cat":[1056],"product_tag":[],"class_list":{"0":"post-34159","1":"product","2":"type-product","3":"status-publish","4":"has-post-thumbnail","6":"product_cat-manuales-escolares-4eme","8":"first","9":"instock","10":"taxable","11":"shipping-taxable","12":"purchasable","13":"product-type-simple"},"_links":{"self":[{"href":"https:\/\/www.papeleriaaquarela.com\/index.php?rest_route=\/wp\/v2\/product\/34159","targetHints":{"allow":["GET"]}}],"collection":[{"href":"https:\/\/www.papeleriaaquarela.com\/index.php?rest_route=\/wp\/v2\/product"}],"about":[{"href":"https:\/\/www.papeleriaaquarela.com\/index.php?rest_route=\/wp\/v2\/types\/product"}],"version-history":[{"count":1,"href":"https:\/\/www.papeleriaaquarela.com\/index.php?rest_route=\/wp\/v2\/product\/34159\/revisions"}],"predecessor-version":[{"id":36525,"href":"https:\/\/www.papeleriaaquarela.com\/index.php?rest_route=\/wp\/v2\/product\/34159\/revisions\/36525"}],"wp:featuredmedia":[{"embeddable":true,"href":"https:\/\/www.papeleriaaquarela.com\/index.php?rest_route=\/wp\/v2\/media\/34158"}],"wp:attachment":[{"href":"https:\/\/www.papeleriaaquarela.com\/index.php?rest_route=%2Fwp%2Fv2%2Fmedia&parent=34159"}],"wp:term":[{"taxonomy":"product_brand","embeddable":true,"href":"https:\/\/www.papeleriaaquarela.com\/index.php?rest_route=%2Fwp%2Fv2%2Fproduct_brand&post=34159"},{"taxonomy":"product_cat","embeddable":true,"href":"https:\/\/www.papeleriaaquarela.com\/index.php?rest_route=%2Fwp%2Fv2%2Fproduct_cat&post=34159"},{"taxonomy":"product_tag","embeddable":true,"href":"https:\/\/www.papeleriaaquarela.com\/index.php?rest_route=%2Fwp%2Fv2%2Fproduct_tag&post=34159"}],"curies":[{"name":"wp","href":"https:\/\/api.w.org\/{rel}","templated":true}]}}