{"id":33927,"date":"2019-06-08T20:51:09","date_gmt":"2019-06-08T20:51:09","guid":{"rendered":"https:\/\/www.papeleriaaquarela.com\/?product=lengua-2122-l-frances-comunidad-zoom-edition-speciale-9788468253060"},"modified":"2025-10-03T02:06:53","modified_gmt":"2025-10-03T02:06:53","slug":"lengua-2122-l-frances-comunidad-zoom-edition-speciale-9788468253060","status":"publish","type":"product","link":"https:\/\/www.papeleriaaquarela.com\/?product=lengua-2122-l-frances-comunidad-zoom-edition-speciale-9788468253060","title":{"rendered":"LENGUA 2.1+2.2 L. franc\u00e9s ( COMUNIDAD ZOOM ) \u00e9dition sp\u00e9ciale 9788468253060"},"content":{"rendered":"<p class=\"editorial\">Editorial: <a href=\"https:\/\/www.morcillolibros.com\/resultado.cfm?editorial=VICENS-VIVES&amp;idioma=0&amp;distribucion=1&amp;\">VICENS-VIVES<\/a><\/p>\n<p class=\"isbn\">ISBN:\u00a09788468253060<\/p>\n<p class=\"hizkuntza\">Idioma: <span class=\"castellano\">Castellano<\/span><\/p>\n<p class=\"generoa\">LINGUISTICA<\/p>\n","protected":false},"excerpt":{"rendered":"<p class=\"editorial\">Editorial: <a href=\"https:\/\/www.morcillolibros.com\/resultado.cfm?editorial=VICENS-VIVES&amp;idioma=0&amp;distribucion=1&amp;\">VICENS-VIVES<\/a><\/p>\n<p class=\"isbn\">ISBN:\u00a09788468253060<\/p>\n<p class=\"hizkuntza\">Idioma: <span class=\"castellano\">Castellano<\/span><\/p>\n<p class=\"generoa\">LINGUISTICA<\/p>\n","protected":false},"featured_media":33925,"template":"","meta":[],"product_brand":[],"product_cat":[1042],"product_tag":[],"class_list":{"0":"post-33927","1":"product","2":"type-product","3":"status-publish","4":"has-post-thumbnail","6":"product_cat-manuales-escolares-ce1","8":"first","9":"instock","10":"taxable","11":"shipping-taxable","12":"purchasable","13":"product-type-simple"},"_links":{"self":[{"href":"https:\/\/www.papeleriaaquarela.com\/index.php?rest_route=\/wp\/v2\/product\/33927","targetHints":{"allow":["GET"]}}],"collection":[{"href":"https:\/\/www.papeleriaaquarela.com\/index.php?rest_route=\/wp\/v2\/product"}],"about":[{"href":"https:\/\/www.papeleriaaquarela.com\/index.php?rest_route=\/wp\/v2\/types\/product"}],"version-history":[{"count":2,"href":"https:\/\/www.papeleriaaquarela.com\/index.php?rest_route=\/wp\/v2\/product\/33927\/revisions"}],"predecessor-version":[{"id":36455,"href":"https:\/\/www.papeleriaaquarela.com\/index.php?rest_route=\/wp\/v2\/product\/33927\/revisions\/36455"}],"wp:featuredmedia":[{"embeddable":true,"href":"https:\/\/www.papeleriaaquarela.com\/index.php?rest_route=\/wp\/v2\/media\/33925"}],"wp:attachment":[{"href":"https:\/\/www.papeleriaaquarela.com\/index.php?rest_route=%2Fwp%2Fv2%2Fmedia&parent=33927"}],"wp:term":[{"taxonomy":"product_brand","embeddable":true,"href":"https:\/\/www.papeleriaaquarela.com\/index.php?rest_route=%2Fwp%2Fv2%2Fproduct_brand&post=33927"},{"taxonomy":"product_cat","embeddable":true,"href":"https:\/\/www.papeleriaaquarela.com\/index.php?rest_route=%2Fwp%2Fv2%2Fproduct_cat&post=33927"},{"taxonomy":"product_tag","embeddable":true,"href":"https:\/\/www.papeleriaaquarela.com\/index.php?rest_route=%2Fwp%2Fv2%2Fproduct_tag&post=33927"}],"curies":[{"name":"wp","href":"https:\/\/api.w.org\/{rel}","templated":true}]}}