{"id":33921,"date":"2019-06-08T20:46:15","date_gmt":"2019-06-08T20:46:15","guid":{"rendered":"https:\/\/www.papeleriaaquarela.com\/?product=je-reussis-en-geometrie-au-ce1-9782363951106"},"modified":"2025-09-04T07:47:48","modified_gmt":"2025-09-04T07:47:48","slug":"je-reussis-en-geometrie-au-ce1-9782363951106","status":"publish","type":"product","link":"https:\/\/www.papeleriaaquarela.com\/?product=je-reussis-en-geometrie-au-ce1-9782363951106","title":{"rendered":"Je r\u00e9ussis en g\u00e9om\u00e9trie au CE1 9782363951106"},"content":{"rendered":"<p>Broch\u00e9: 48 pages<br \/>\nEditeur\u00a0: Editions Jocatop (1 juin 2016)<br \/>\nLangue\u00a0: Fran\u00e7ais<br \/>\nISBN-10: 2363951107<br \/>\nISBN-13: 978-2363951106<br \/>\nDimensions du produit: 29,5 x 0,4 x 21 cm<\/p>\n","protected":false},"excerpt":{"rendered":"<p>Broch\u00e9: 48 pages<br \/>\nEditeur\u00a0: Editions Jocatop (1 juin 2016)<br \/>\nLangue\u00a0: Fran\u00e7ais<br \/>\nISBN-10: 2363951107<br \/>\nISBN-13: 978-2363951106<br \/>\nDimensions du produit: 29,5 x 0,4 x 21 cm<\/p>\n","protected":false},"featured_media":33920,"template":"","meta":[],"product_brand":[],"product_cat":[1042],"product_tag":[],"class_list":{"0":"post-33921","1":"product","2":"type-product","3":"status-publish","4":"has-post-thumbnail","6":"product_cat-manuales-escolares-ce1","8":"first","9":"instock","10":"taxable","11":"shipping-taxable","12":"purchasable","13":"product-type-simple"},"_links":{"self":[{"href":"https:\/\/www.papeleriaaquarela.com\/index.php?rest_route=\/wp\/v2\/product\/33921","targetHints":{"allow":["GET"]}}],"collection":[{"href":"https:\/\/www.papeleriaaquarela.com\/index.php?rest_route=\/wp\/v2\/product"}],"about":[{"href":"https:\/\/www.papeleriaaquarela.com\/index.php?rest_route=\/wp\/v2\/types\/product"}],"version-history":[{"count":1,"href":"https:\/\/www.papeleriaaquarela.com\/index.php?rest_route=\/wp\/v2\/product\/33921\/revisions"}],"predecessor-version":[{"id":36454,"href":"https:\/\/www.papeleriaaquarela.com\/index.php?rest_route=\/wp\/v2\/product\/33921\/revisions\/36454"}],"wp:featuredmedia":[{"embeddable":true,"href":"https:\/\/www.papeleriaaquarela.com\/index.php?rest_route=\/wp\/v2\/media\/33920"}],"wp:attachment":[{"href":"https:\/\/www.papeleriaaquarela.com\/index.php?rest_route=%2Fwp%2Fv2%2Fmedia&parent=33921"}],"wp:term":[{"taxonomy":"product_brand","embeddable":true,"href":"https:\/\/www.papeleriaaquarela.com\/index.php?rest_route=%2Fwp%2Fv2%2Fproduct_brand&post=33921"},{"taxonomy":"product_cat","embeddable":true,"href":"https:\/\/www.papeleriaaquarela.com\/index.php?rest_route=%2Fwp%2Fv2%2Fproduct_cat&post=33921"},{"taxonomy":"product_tag","embeddable":true,"href":"https:\/\/www.papeleriaaquarela.com\/index.php?rest_route=%2Fwp%2Fv2%2Fproduct_tag&post=33921"}],"curies":[{"name":"wp","href":"https:\/\/api.w.org\/{rel}","templated":true}]}}