{"id":33905,"date":"2019-06-08T20:13:40","date_gmt":"2019-06-08T20:13:40","guid":{"rendered":"https:\/\/www.papeleriaaquarela.com\/?product=je-reussis-en-numeration-au-ce1-9782363953131"},"modified":"2025-11-20T21:04:06","modified_gmt":"2025-11-20T21:04:06","slug":"je-reussis-en-numeration-au-ce1-9782363953131","status":"publish","type":"product","link":"https:\/\/www.papeleriaaquarela.com\/?product=je-reussis-en-numeration-au-ce1-9782363953131","title":{"rendered":"Je r\u00e9ussis en num\u00e9ration au CE1 9782363953131"},"content":{"rendered":"<p>Editions Jocatop; Illustrated edici\u00f3n (1 mayo 2023)<\/p>\n","protected":false},"excerpt":{"rendered":"<p>Editions Jocatop; Illustrated edici\u00f3n (1 mayo 2023)<\/p>\n","protected":false},"featured_media":33904,"template":"","meta":[],"product_brand":[],"product_cat":[1042],"product_tag":[964,962],"class_list":{"0":"post-33905","1":"product","2":"type-product","3":"status-publish","4":"has-post-thumbnail","6":"product_cat-manuales-escolares-ce1","7":"product_tag-2oprimaria","8":"product_tag-ce1","10":"first","11":"instock","12":"taxable","13":"shipping-taxable","14":"purchasable","15":"product-type-simple"},"_links":{"self":[{"href":"https:\/\/www.papeleriaaquarela.com\/index.php?rest_route=\/wp\/v2\/product\/33905","targetHints":{"allow":["GET"]}}],"collection":[{"href":"https:\/\/www.papeleriaaquarela.com\/index.php?rest_route=\/wp\/v2\/product"}],"about":[{"href":"https:\/\/www.papeleriaaquarela.com\/index.php?rest_route=\/wp\/v2\/types\/product"}],"version-history":[{"count":1,"href":"https:\/\/www.papeleriaaquarela.com\/index.php?rest_route=\/wp\/v2\/product\/33905\/revisions"}],"predecessor-version":[{"id":36452,"href":"https:\/\/www.papeleriaaquarela.com\/index.php?rest_route=\/wp\/v2\/product\/33905\/revisions\/36452"}],"wp:featuredmedia":[{"embeddable":true,"href":"https:\/\/www.papeleriaaquarela.com\/index.php?rest_route=\/wp\/v2\/media\/33904"}],"wp:attachment":[{"href":"https:\/\/www.papeleriaaquarela.com\/index.php?rest_route=%2Fwp%2Fv2%2Fmedia&parent=33905"}],"wp:term":[{"taxonomy":"product_brand","embeddable":true,"href":"https:\/\/www.papeleriaaquarela.com\/index.php?rest_route=%2Fwp%2Fv2%2Fproduct_brand&post=33905"},{"taxonomy":"product_cat","embeddable":true,"href":"https:\/\/www.papeleriaaquarela.com\/index.php?rest_route=%2Fwp%2Fv2%2Fproduct_cat&post=33905"},{"taxonomy":"product_tag","embeddable":true,"href":"https:\/\/www.papeleriaaquarela.com\/index.php?rest_route=%2Fwp%2Fv2%2Fproduct_tag&post=33905"}],"curies":[{"name":"wp","href":"https:\/\/api.w.org\/{rel}","templated":true}]}}