{"id":33884,"date":"2019-06-07T18:38:43","date_gmt":"2019-06-07T18:38:43","guid":{"rendered":"https:\/\/www.papeleriaaquarela.com\/?product=reussir-en-grammaire-ce2-cahier-de-l-eleve-9782725637266"},"modified":"2025-09-03T13:01:55","modified_gmt":"2025-09-03T13:01:55","slug":"reussir-en-grammaire-ce2-cahier-de-l-eleve-9782725647685","status":"publish","type":"product","link":"https:\/\/www.papeleriaaquarela.com\/?product=reussir-en-grammaire-ce2-cahier-de-l-eleve-9782725647685","title":{"rendered":"R\u00e9ussir en grammaire CE2 &#8211; Cahier de l&#8217;\u00e9l\u00e8ve 9782725647685"},"content":{"rendered":"","protected":false},"excerpt":{"rendered":"","protected":false},"featured_media":33883,"template":"","meta":[],"product_brand":[],"product_cat":[1043],"product_tag":[961,959],"class_list":{"0":"post-33884","1":"product","2":"type-product","3":"status-publish","4":"has-post-thumbnail","6":"product_cat-manuales-escolares-ce2","7":"product_tag-3o-primaria","8":"product_tag-ce2","10":"first","11":"instock","12":"taxable","13":"shipping-taxable","14":"purchasable","15":"product-type-simple"},"_links":{"self":[{"href":"https:\/\/www.papeleriaaquarela.com\/index.php?rest_route=\/wp\/v2\/product\/33884","targetHints":{"allow":["GET"]}}],"collection":[{"href":"https:\/\/www.papeleriaaquarela.com\/index.php?rest_route=\/wp\/v2\/product"}],"about":[{"href":"https:\/\/www.papeleriaaquarela.com\/index.php?rest_route=\/wp\/v2\/types\/product"}],"version-history":[{"count":2,"href":"https:\/\/www.papeleriaaquarela.com\/index.php?rest_route=\/wp\/v2\/product\/33884\/revisions"}],"predecessor-version":[{"id":36458,"href":"https:\/\/www.papeleriaaquarela.com\/index.php?rest_route=\/wp\/v2\/product\/33884\/revisions\/36458"}],"wp:featuredmedia":[{"embeddable":true,"href":"https:\/\/www.papeleriaaquarela.com\/index.php?rest_route=\/wp\/v2\/media\/33883"}],"wp:attachment":[{"href":"https:\/\/www.papeleriaaquarela.com\/index.php?rest_route=%2Fwp%2Fv2%2Fmedia&parent=33884"}],"wp:term":[{"taxonomy":"product_brand","embeddable":true,"href":"https:\/\/www.papeleriaaquarela.com\/index.php?rest_route=%2Fwp%2Fv2%2Fproduct_brand&post=33884"},{"taxonomy":"product_cat","embeddable":true,"href":"https:\/\/www.papeleriaaquarela.com\/index.php?rest_route=%2Fwp%2Fv2%2Fproduct_cat&post=33884"},{"taxonomy":"product_tag","embeddable":true,"href":"https:\/\/www.papeleriaaquarela.com\/index.php?rest_route=%2Fwp%2Fv2%2Fproduct_tag&post=33884"}],"curies":[{"name":"wp","href":"https:\/\/api.w.org\/{rel}","templated":true}]}}