{"id":33847,"date":"2019-06-07T12:45:36","date_gmt":"2019-06-07T12:45:36","guid":{"rendered":"https:\/\/www.papeleriaaquarela.com\/?product=je-reussis-en-numeration-et-en-calcul-au-cp-9782363951823"},"modified":"2025-10-25T06:51:33","modified_gmt":"2025-10-25T06:51:33","slug":"je-reussis-en-numeration-et-en-calcul-au-cp-9782363951823","status":"publish","type":"product","link":"https:\/\/www.papeleriaaquarela.com\/?product=je-reussis-en-numeration-et-en-calcul-au-cp-9782363951823","title":{"rendered":"Je r\u00e9ussis en num\u00e9ration et en calcul au CP 9782363951823"},"content":{"rendered":"<p>Ce cahier contient 72 pages d&#8217;exercices originaux dont la progression a \u00e9t\u00e9 test\u00e9e en classe.<\/p>\n","protected":false},"excerpt":{"rendered":"<p>Ce cahier contient 72 pages d&#8217;exercices originaux dont la progression a \u00e9t\u00e9 test\u00e9e en classe.<\/p>\n","protected":false},"featured_media":33846,"template":"","meta":[],"product_brand":[],"product_cat":[1040],"product_tag":[957,955],"class_list":{"0":"post-33847","1":"product","2":"type-product","3":"status-publish","4":"has-post-thumbnail","6":"product_cat-manuales-escolares-cp","7":"product_tag-1o-primaria","8":"product_tag-cp","10":"first","11":"instock","12":"taxable","13":"shipping-taxable","14":"purchasable","15":"product-type-simple"},"_links":{"self":[{"href":"https:\/\/www.papeleriaaquarela.com\/index.php?rest_route=\/wp\/v2\/product\/33847","targetHints":{"allow":["GET"]}}],"collection":[{"href":"https:\/\/www.papeleriaaquarela.com\/index.php?rest_route=\/wp\/v2\/product"}],"about":[{"href":"https:\/\/www.papeleriaaquarela.com\/index.php?rest_route=\/wp\/v2\/types\/product"}],"version-history":[{"count":1,"href":"https:\/\/www.papeleriaaquarela.com\/index.php?rest_route=\/wp\/v2\/product\/33847\/revisions"}],"predecessor-version":[{"id":36442,"href":"https:\/\/www.papeleriaaquarela.com\/index.php?rest_route=\/wp\/v2\/product\/33847\/revisions\/36442"}],"wp:featuredmedia":[{"embeddable":true,"href":"https:\/\/www.papeleriaaquarela.com\/index.php?rest_route=\/wp\/v2\/media\/33846"}],"wp:attachment":[{"href":"https:\/\/www.papeleriaaquarela.com\/index.php?rest_route=%2Fwp%2Fv2%2Fmedia&parent=33847"}],"wp:term":[{"taxonomy":"product_brand","embeddable":true,"href":"https:\/\/www.papeleriaaquarela.com\/index.php?rest_route=%2Fwp%2Fv2%2Fproduct_brand&post=33847"},{"taxonomy":"product_cat","embeddable":true,"href":"https:\/\/www.papeleriaaquarela.com\/index.php?rest_route=%2Fwp%2Fv2%2Fproduct_cat&post=33847"},{"taxonomy":"product_tag","embeddable":true,"href":"https:\/\/www.papeleriaaquarela.com\/index.php?rest_route=%2Fwp%2Fv2%2Fproduct_tag&post=33847"}],"curies":[{"name":"wp","href":"https:\/\/api.w.org\/{rel}","templated":true}]}}