{"id":33832,"date":"2019-05-31T16:57:25","date_gmt":"2019-05-31T16:57:25","guid":{"rendered":"https:\/\/www.papeleriaaquarela.com\/?product=afilaborra-milan-compact-sunset"},"modified":"2025-08-31T13:26:15","modified_gmt":"2025-08-31T13:26:15","slug":"afilaborra-milan-compact-sunset","status":"publish","type":"product","link":"https:\/\/www.papeleriaaquarela.com\/?product=afilaborra-milan-compact-sunset","title":{"rendered":"Afilaborra Milan Compact Sunset"},"content":{"rendered":"<p>Combinaci\u00f3n de goma y sacapuntas doble (uno est\u00e1ndar y otro MAXI) con dep\u00f3sito. Dise\u00f1o COMPACT edici\u00f3n Sunset.Goma cuadrada de caucho sint\u00e9tico miga de pan<\/p>\n","protected":false},"excerpt":{"rendered":"<p>Combinaci\u00f3n de goma y sacapuntas doble (uno est\u00e1ndar y otro MAXI) con dep\u00f3sito. Dise\u00f1o COMPACT edici\u00f3n Sunset.Goma cuadrada de caucho sint\u00e9tico miga de pan<\/p>\n","protected":false},"featured_media":33831,"template":"","meta":[],"product_brand":[],"product_cat":[1066,1063,1060,1057,1054,1051,1041,1044,1046,1048,1039,1069],"product_tag":[950],"class_list":{"0":"post-33832","1":"product","2":"type-product","3":"status-publish","4":"has-post-thumbnail","6":"product_cat-material-escolar-1ere","7":"product_cat-material-escolar-2nde","8":"product_cat-material-escolar-3eme","9":"product_cat-material-escolar-4eme","10":"product_cat-material-escolar-5eme","11":"product_cat-material-escolar-6eme","12":"product_cat-material-escolar-ce1","13":"product_cat-material-escolar-ce2","14":"product_cat-material-escolar-cm1","15":"product_cat-material-escolar-cm2","16":"product_cat-material-escolar-cp","17":"product_cat-material-escolar-terminale","18":"product_tag-sacapuntas","20":"first","21":"instock","22":"taxable","23":"shipping-taxable","24":"purchasable","25":"product-type-simple"},"_links":{"self":[{"href":"https:\/\/www.papeleriaaquarela.com\/index.php?rest_route=\/wp\/v2\/product\/33832","targetHints":{"allow":["GET"]}}],"collection":[{"href":"https:\/\/www.papeleriaaquarela.com\/index.php?rest_route=\/wp\/v2\/product"}],"about":[{"href":"https:\/\/www.papeleriaaquarela.com\/index.php?rest_route=\/wp\/v2\/types\/product"}],"version-history":[{"count":2,"href":"https:\/\/www.papeleriaaquarela.com\/index.php?rest_route=\/wp\/v2\/product\/33832\/revisions"}],"predecessor-version":[{"id":37317,"href":"https:\/\/www.papeleriaaquarela.com\/index.php?rest_route=\/wp\/v2\/product\/33832\/revisions\/37317"}],"wp:featuredmedia":[{"embeddable":true,"href":"https:\/\/www.papeleriaaquarela.com\/index.php?rest_route=\/wp\/v2\/media\/33831"}],"wp:attachment":[{"href":"https:\/\/www.papeleriaaquarela.com\/index.php?rest_route=%2Fwp%2Fv2%2Fmedia&parent=33832"}],"wp:term":[{"taxonomy":"product_brand","embeddable":true,"href":"https:\/\/www.papeleriaaquarela.com\/index.php?rest_route=%2Fwp%2Fv2%2Fproduct_brand&post=33832"},{"taxonomy":"product_cat","embeddable":true,"href":"https:\/\/www.papeleriaaquarela.com\/index.php?rest_route=%2Fwp%2Fv2%2Fproduct_cat&post=33832"},{"taxonomy":"product_tag","embeddable":true,"href":"https:\/\/www.papeleriaaquarela.com\/index.php?rest_route=%2Fwp%2Fv2%2Fproduct_tag&post=33832"}],"curies":[{"name":"wp","href":"https:\/\/api.w.org\/{rel}","templated":true}]}}