{"id":33699,"date":"2019-03-28T18:48:26","date_gmt":"2019-03-28T18:48:26","guid":{"rendered":"https:\/\/www.papeleriaaquarela.com\/?product=rotulador-bic-velleda-medium"},"modified":"2025-07-07T17:25:03","modified_gmt":"2025-07-07T17:25:03","slug":"rotulador-bic-velleda-medium","status":"publish","type":"product","link":"https:\/\/www.papeleriaaquarela.com\/?product=rotulador-bic-velleda-medium","title":{"rendered":"Rotulador Bic Velleda Medium"},"content":{"rendered":"<p>Rotulador para pizarra blanca de borrado en seco y base de acetona. Cuerpo de pl\u00e1stico y capuch\u00f3n ventilado del color de la tinta. Permiten un borrado \u00f3ptimo inmediato de todas las superf\u00edcies enceradas sin dejar marca a\u00fan despu\u00e9s de varias semanas.<\/p>\n","protected":false},"excerpt":{"rendered":"<p>Borrable, para pizarra blanca<\/p>\n","protected":false},"featured_media":33694,"template":"","meta":[],"product_brand":[],"product_cat":[1041,1044,1046,1048,1039],"product_tag":[939],"class_list":{"0":"post-33699","1":"product","2":"type-product","3":"status-publish","4":"has-post-thumbnail","6":"product_cat-material-escolar-ce1","7":"product_cat-material-escolar-ce2","8":"product_cat-material-escolar-cm1","9":"product_cat-material-escolar-cm2","10":"product_cat-material-escolar-cp","11":"product_tag-velleda","13":"first","14":"instock","15":"taxable","16":"shipping-taxable","17":"purchasable","18":"product-type-variable"},"_links":{"self":[{"href":"https:\/\/www.papeleriaaquarela.com\/index.php?rest_route=\/wp\/v2\/product\/33699","targetHints":{"allow":["GET"]}}],"collection":[{"href":"https:\/\/www.papeleriaaquarela.com\/index.php?rest_route=\/wp\/v2\/product"}],"about":[{"href":"https:\/\/www.papeleriaaquarela.com\/index.php?rest_route=\/wp\/v2\/types\/product"}],"version-history":[{"count":1,"href":"https:\/\/www.papeleriaaquarela.com\/index.php?rest_route=\/wp\/v2\/product\/33699\/revisions"}],"predecessor-version":[{"id":37100,"href":"https:\/\/www.papeleriaaquarela.com\/index.php?rest_route=\/wp\/v2\/product\/33699\/revisions\/37100"}],"wp:featuredmedia":[{"embeddable":true,"href":"https:\/\/www.papeleriaaquarela.com\/index.php?rest_route=\/wp\/v2\/media\/33694"}],"wp:attachment":[{"href":"https:\/\/www.papeleriaaquarela.com\/index.php?rest_route=%2Fwp%2Fv2%2Fmedia&parent=33699"}],"wp:term":[{"taxonomy":"product_brand","embeddable":true,"href":"https:\/\/www.papeleriaaquarela.com\/index.php?rest_route=%2Fwp%2Fv2%2Fproduct_brand&post=33699"},{"taxonomy":"product_cat","embeddable":true,"href":"https:\/\/www.papeleriaaquarela.com\/index.php?rest_route=%2Fwp%2Fv2%2Fproduct_cat&post=33699"},{"taxonomy":"product_tag","embeddable":true,"href":"https:\/\/www.papeleriaaquarela.com\/index.php?rest_route=%2Fwp%2Fv2%2Fproduct_tag&post=33699"}],"curies":[{"name":"wp","href":"https:\/\/api.w.org\/{rel}","templated":true}]}}