{"id":33063,"date":"2018-11-03T12:57:10","date_gmt":"2018-11-03T12:57:10","guid":{"rendered":"https:\/\/www.papeleriaaquarela.com\/?product=semicirculo-campus-biselado-y-graduado-13cm"},"modified":"2025-09-05T19:57:07","modified_gmt":"2025-09-05T19:57:07","slug":"semicirculo-campus-biselado-y-graduado-13cm","status":"publish","type":"product","link":"https:\/\/www.papeleriaaquarela.com\/?product=semicirculo-campus-biselado-y-graduado-13cm","title":{"rendered":"Semic\u00edrculo Campus biselado y graduado 13cm."},"content":{"rendered":"<p>Semic\u00edrculo de pl\u00e1stico transparente de alta calidad. Biselado y graduado.<\/p>\n","protected":false},"excerpt":{"rendered":"<p>Semic\u00edrculo de pl\u00e1stico transparente de alta calidad. Biselado y graduado.<\/p>\n","protected":false},"featured_media":33062,"template":"","meta":[],"product_brand":[],"product_cat":[1066,1063,1060,1057,1054,1051,1069],"product_tag":[819],"class_list":{"0":"post-33063","1":"product","2":"type-product","3":"status-publish","4":"has-post-thumbnail","6":"product_cat-material-escolar-1ere","7":"product_cat-material-escolar-2nde","8":"product_cat-material-escolar-3eme","9":"product_cat-material-escolar-4eme","10":"product_cat-material-escolar-5eme","11":"product_cat-material-escolar-6eme","12":"product_cat-material-escolar-terminale","13":"product_tag-semicirculo","15":"first","16":"instock","17":"taxable","18":"shipping-taxable","19":"purchasable","20":"product-type-simple"},"_links":{"self":[{"href":"https:\/\/www.papeleriaaquarela.com\/index.php?rest_route=\/wp\/v2\/product\/33063","targetHints":{"allow":["GET"]}}],"collection":[{"href":"https:\/\/www.papeleriaaquarela.com\/index.php?rest_route=\/wp\/v2\/product"}],"about":[{"href":"https:\/\/www.papeleriaaquarela.com\/index.php?rest_route=\/wp\/v2\/types\/product"}],"version-history":[{"count":1,"href":"https:\/\/www.papeleriaaquarela.com\/index.php?rest_route=\/wp\/v2\/product\/33063\/revisions"}],"predecessor-version":[{"id":37158,"href":"https:\/\/www.papeleriaaquarela.com\/index.php?rest_route=\/wp\/v2\/product\/33063\/revisions\/37158"}],"wp:featuredmedia":[{"embeddable":true,"href":"https:\/\/www.papeleriaaquarela.com\/index.php?rest_route=\/wp\/v2\/media\/33062"}],"wp:attachment":[{"href":"https:\/\/www.papeleriaaquarela.com\/index.php?rest_route=%2Fwp%2Fv2%2Fmedia&parent=33063"}],"wp:term":[{"taxonomy":"product_brand","embeddable":true,"href":"https:\/\/www.papeleriaaquarela.com\/index.php?rest_route=%2Fwp%2Fv2%2Fproduct_brand&post=33063"},{"taxonomy":"product_cat","embeddable":true,"href":"https:\/\/www.papeleriaaquarela.com\/index.php?rest_route=%2Fwp%2Fv2%2Fproduct_cat&post=33063"},{"taxonomy":"product_tag","embeddable":true,"href":"https:\/\/www.papeleriaaquarela.com\/index.php?rest_route=%2Fwp%2Fv2%2Fproduct_tag&post=33063"}],"curies":[{"name":"wp","href":"https:\/\/api.w.org\/{rel}","templated":true}]}}