{"id":33024,"date":"2018-10-26T19:19:51","date_gmt":"2018-10-26T19:19:51","guid":{"rendered":"https:\/\/www.papeleriaaquarela.com\/?product=pizarra-blanca-bic-velleda-19x26cm"},"modified":"2025-07-14T20:55:57","modified_gmt":"2025-07-14T20:55:57","slug":"pizarra-blanca-bic-velleda-19x26cm","status":"publish","type":"product","link":"https:\/\/www.papeleriaaquarela.com\/?product=pizarra-blanca-bic-velleda-19x26cm","title":{"rendered":"Pizarra Blanca BIC Velleda 19x26cm"},"content":{"rendered":"<p>Esta pizarra blanca de doble cara cuenta con un lado liso para dibujar y otro cuadriculado para aprender a escribir<br \/>La superficie de borrado en seco es adecuado para escribir sobre ella repetidamente que se limpia f\u00e1cil, incluso despu\u00e9s de varios d\u00edas<br \/>Tambi\u00e9n es original porque cuenta con un marco de pl\u00e1stico ondulado en azul<br \/>Esta peque\u00f1a versi\u00f3n de 19 x 26 cm es la compa\u00f1era adecuado para el d\u00eda a d\u00eda de los peques en casa y en el cole<\/p>\n<p>Un buen alumno siempre est\u00e1 preparado. Esta pizarra blanca incluye un marcador azul y un borrador que se engancha f\u00e1cilmente a esta<\/p>\n","protected":false},"excerpt":{"rendered":"<p>Esta pizarra blanca de doble cara cuenta con un lado liso para dibujar y otro cuadriculado para aprender a escribir<br \/>La superficie de borrado en seco es adecuado para escribir sobre ella repetidamente que se limpia f\u00e1cil, incluso despu\u00e9s de varios d\u00edas<\/p><\/p>\n","protected":false},"featured_media":33023,"template":"","meta":[],"product_brand":[],"product_cat":[1041,1044,1046,1048,1039],"product_tag":[896],"class_list":{"0":"post-33024","1":"product","2":"type-product","3":"status-publish","4":"has-post-thumbnail","6":"product_cat-material-escolar-ce1","7":"product_cat-material-escolar-ce2","8":"product_cat-material-escolar-cm1","9":"product_cat-material-escolar-cm2","10":"product_cat-material-escolar-cp","11":"product_tag-pizarra-blanca","13":"first","14":"instock","15":"taxable","16":"shipping-taxable","17":"purchasable","18":"product-type-simple"},"_links":{"self":[{"href":"https:\/\/www.papeleriaaquarela.com\/index.php?rest_route=\/wp\/v2\/product\/33024","targetHints":{"allow":["GET"]}}],"collection":[{"href":"https:\/\/www.papeleriaaquarela.com\/index.php?rest_route=\/wp\/v2\/product"}],"about":[{"href":"https:\/\/www.papeleriaaquarela.com\/index.php?rest_route=\/wp\/v2\/types\/product"}],"version-history":[{"count":1,"href":"https:\/\/www.papeleriaaquarela.com\/index.php?rest_route=\/wp\/v2\/product\/33024\/revisions"}],"predecessor-version":[{"id":37166,"href":"https:\/\/www.papeleriaaquarela.com\/index.php?rest_route=\/wp\/v2\/product\/33024\/revisions\/37166"}],"wp:featuredmedia":[{"embeddable":true,"href":"https:\/\/www.papeleriaaquarela.com\/index.php?rest_route=\/wp\/v2\/media\/33023"}],"wp:attachment":[{"href":"https:\/\/www.papeleriaaquarela.com\/index.php?rest_route=%2Fwp%2Fv2%2Fmedia&parent=33024"}],"wp:term":[{"taxonomy":"product_brand","embeddable":true,"href":"https:\/\/www.papeleriaaquarela.com\/index.php?rest_route=%2Fwp%2Fv2%2Fproduct_brand&post=33024"},{"taxonomy":"product_cat","embeddable":true,"href":"https:\/\/www.papeleriaaquarela.com\/index.php?rest_route=%2Fwp%2Fv2%2Fproduct_cat&post=33024"},{"taxonomy":"product_tag","embeddable":true,"href":"https:\/\/www.papeleriaaquarela.com\/index.php?rest_route=%2Fwp%2Fv2%2Fproduct_tag&post=33024"}],"curies":[{"name":"wp","href":"https:\/\/api.w.org\/{rel}","templated":true}]}}