{"id":32985,"date":"2018-10-15T19:04:19","date_gmt":"2018-10-15T19:04:19","guid":{"rendered":"https:\/\/www.papeleriaaquarela.com\/?product=boligafo-milan-p1-touch"},"modified":"2025-08-11T05:58:45","modified_gmt":"2025-08-11T05:58:45","slug":"boligafo-milan-p1-touch","status":"publish","type":"product","link":"https:\/\/www.papeleriaaquarela.com\/?product=boligafo-milan-p1-touch","title":{"rendered":"BOL\u00cdGAFO MILAN P1 TOUCH"},"content":{"rendered":"<p>Bol\u00edgrafos P1 touch , con el cuerpo del mismo color que la tinta. Longitud de escritura aproximada de 1.200 metros. Punta 1 mm. Tinta fabricada en Alemania. Dise\u00f1o original creado por el departamento de I+D de MILAN. Medidas bol\u00edgrafo: 14,1 x 1,7 cm. 1 cm \u00d8.<\/p>\n","protected":false},"excerpt":{"rendered":"<p>Bol\u00edgrafos P1 touch , con el cuerpo del mismo color que la tinta. Longitud de escritura aproximada de 1.200 metros. Punta 1 mm. Tinta fabricada en Alemania. Dise\u00f1o original creado por el departamento de I+D de MILAN. Medidas bol\u00edgrafo: 14,1 x 1,7 cm. 1 cm \u00d8.<\/p>\n","protected":false},"featured_media":36704,"template":"","meta":[],"product_brand":[],"product_cat":[1066,1063,1060,1057,1054,1051,1069],"product_tag":[886],"class_list":{"0":"post-32985","1":"product","2":"type-product","3":"status-publish","4":"has-post-thumbnail","6":"product_cat-material-escolar-1ere","7":"product_cat-material-escolar-2nde","8":"product_cat-material-escolar-3eme","9":"product_cat-material-escolar-4eme","10":"product_cat-material-escolar-5eme","11":"product_cat-material-escolar-6eme","12":"product_cat-material-escolar-terminale","13":"product_tag-boligrafo-touch","15":"first","16":"instock","17":"taxable","18":"shipping-taxable","19":"purchasable","20":"product-type-variable"},"_links":{"self":[{"href":"https:\/\/www.papeleriaaquarela.com\/index.php?rest_route=\/wp\/v2\/product\/32985","targetHints":{"allow":["GET"]}}],"collection":[{"href":"https:\/\/www.papeleriaaquarela.com\/index.php?rest_route=\/wp\/v2\/product"}],"about":[{"href":"https:\/\/www.papeleriaaquarela.com\/index.php?rest_route=\/wp\/v2\/types\/product"}],"version-history":[{"count":1,"href":"https:\/\/www.papeleriaaquarela.com\/index.php?rest_route=\/wp\/v2\/product\/32985\/revisions"}],"predecessor-version":[{"id":36709,"href":"https:\/\/www.papeleriaaquarela.com\/index.php?rest_route=\/wp\/v2\/product\/32985\/revisions\/36709"}],"wp:featuredmedia":[{"embeddable":true,"href":"https:\/\/www.papeleriaaquarela.com\/index.php?rest_route=\/wp\/v2\/media\/36704"}],"wp:attachment":[{"href":"https:\/\/www.papeleriaaquarela.com\/index.php?rest_route=%2Fwp%2Fv2%2Fmedia&parent=32985"}],"wp:term":[{"taxonomy":"product_brand","embeddable":true,"href":"https:\/\/www.papeleriaaquarela.com\/index.php?rest_route=%2Fwp%2Fv2%2Fproduct_brand&post=32985"},{"taxonomy":"product_cat","embeddable":true,"href":"https:\/\/www.papeleriaaquarela.com\/index.php?rest_route=%2Fwp%2Fv2%2Fproduct_cat&post=32985"},{"taxonomy":"product_tag","embeddable":true,"href":"https:\/\/www.papeleriaaquarela.com\/index.php?rest_route=%2Fwp%2Fv2%2Fproduct_tag&post=32985"}],"curies":[{"name":"wp","href":"https:\/\/api.w.org\/{rel}","templated":true}]}}