{"id":32956,"date":"2018-10-10T17:41:25","date_gmt":"2018-10-10T17:41:25","guid":{"rendered":"https:\/\/www.papeleriaaquarela.com\/?product=goma-milan-nata-624"},"modified":"2025-08-10T22:22:20","modified_gmt":"2025-08-10T22:22:20","slug":"goma-milan-nata-624","status":"publish","type":"product","link":"https:\/\/www.papeleriaaquarela.com\/?product=goma-milan-nata-624","title":{"rendered":"Goma Milan Nata 624"},"content":{"rendered":"<h2>Goma \u00abNata\u00bb de pl\u00e1stico blanca, suave, vers\u00e1til y no abrasiva. Para borrar sobre todo tipo de superficies. No da\u00f1a el papel. Envuelta en celof\u00e1n rosa. Nacida en 1964, es una de las gomas MILAN m\u00e1s ic\u00f3nicas. Medidas goma: 3,9 x 2,7 x 0,9 cm.<\/h2>\n","protected":false},"excerpt":{"rendered":"<h2>Goma \u00abNata\u00bb de pl\u00e1stico blanca, suave, vers\u00e1til y no abrasiva. Para borrar sobre todo tipo de superficies. No da\u00f1a el papel. Envuelta en celof\u00e1n rosa. Nacida en 1964, es una de las gomas MILAN m\u00e1s ic\u00f3nicas. Medidas goma: 3,9 x 2,7 x 0,9 cm.<\/h2>\n","protected":false},"featured_media":32955,"template":"","meta":[],"product_brand":[],"product_cat":[1066,1063,1060,1057,1054,1051,1041,1044,1046,1048,1039,1069],"product_tag":[880,881],"class_list":{"0":"post-32956","1":"product","2":"type-product","3":"status-publish","4":"has-post-thumbnail","6":"product_cat-material-escolar-1ere","7":"product_cat-material-escolar-2nde","8":"product_cat-material-escolar-3eme","9":"product_cat-material-escolar-4eme","10":"product_cat-material-escolar-5eme","11":"product_cat-material-escolar-6eme","12":"product_cat-material-escolar-ce1","13":"product_cat-material-escolar-ce2","14":"product_cat-material-escolar-cm1","15":"product_cat-material-escolar-cm2","16":"product_cat-material-escolar-cp","17":"product_cat-material-escolar-terminale","18":"product_tag-goma","19":"product_tag-milan","21":"first","22":"instock","23":"taxable","24":"shipping-taxable","25":"purchasable","26":"product-type-simple"},"_links":{"self":[{"href":"https:\/\/www.papeleriaaquarela.com\/index.php?rest_route=\/wp\/v2\/product\/32956","targetHints":{"allow":["GET"]}}],"collection":[{"href":"https:\/\/www.papeleriaaquarela.com\/index.php?rest_route=\/wp\/v2\/product"}],"about":[{"href":"https:\/\/www.papeleriaaquarela.com\/index.php?rest_route=\/wp\/v2\/types\/product"}],"version-history":[{"count":1,"href":"https:\/\/www.papeleriaaquarela.com\/index.php?rest_route=\/wp\/v2\/product\/32956\/revisions"}],"predecessor-version":[{"id":36350,"href":"https:\/\/www.papeleriaaquarela.com\/index.php?rest_route=\/wp\/v2\/product\/32956\/revisions\/36350"}],"wp:featuredmedia":[{"embeddable":true,"href":"https:\/\/www.papeleriaaquarela.com\/index.php?rest_route=\/wp\/v2\/media\/32955"}],"wp:attachment":[{"href":"https:\/\/www.papeleriaaquarela.com\/index.php?rest_route=%2Fwp%2Fv2%2Fmedia&parent=32956"}],"wp:term":[{"taxonomy":"product_brand","embeddable":true,"href":"https:\/\/www.papeleriaaquarela.com\/index.php?rest_route=%2Fwp%2Fv2%2Fproduct_brand&post=32956"},{"taxonomy":"product_cat","embeddable":true,"href":"https:\/\/www.papeleriaaquarela.com\/index.php?rest_route=%2Fwp%2Fv2%2Fproduct_cat&post=32956"},{"taxonomy":"product_tag","embeddable":true,"href":"https:\/\/www.papeleriaaquarela.com\/index.php?rest_route=%2Fwp%2Fv2%2Fproduct_tag&post=32956"}],"curies":[{"name":"wp","href":"https:\/\/api.w.org\/{rel}","templated":true}]}}