{"id":32952,"date":"2018-10-10T16:44:33","date_gmt":"2018-10-10T16:44:33","guid":{"rendered":"https:\/\/www.papeleriaaquarela.com\/?product=goma-de-borrar-mars-plastic-staedtler"},"modified":"2025-08-11T05:59:28","modified_gmt":"2025-08-11T05:59:28","slug":"goma-de-borrar-mars-plastic-staedtler","status":"publish","type":"product","link":"https:\/\/www.papeleriaaquarela.com\/?product=goma-de-borrar-mars-plastic-staedtler","title":{"rendered":"Goma de borrar Mars Plastic STAEDTLER"},"content":{"rendered":"<h2>Goma de borrar para l\u00e1piz sobre papel y poliester, nueva f\u00f3rmula mejorada que permite un borrado m\u00e1s suave y reduce la formaci\u00f3n de virutas.Sin ftalatos ni l\u00e1tex\u00a0\u00a0\u00a0\u00a0\u00a0\u00a0\u00a0\u00a0\u00a0\u00a0\u00a0\u00a0\u00a0\u00a0<\/h2>\n","protected":false},"excerpt":{"rendered":"<h2>Goma de borrar para l\u00e1piz sobre papel y poliester, nueva f\u00f3rmula mejorada que permite un borrado m\u00e1s suave y reduce la formaci\u00f3n de virutas.<\/h2>\n","protected":false},"featured_media":32951,"template":"","meta":[],"product_brand":[],"product_cat":[1066,1063,1060,1057,1054,1051,1069],"product_tag":[880,735],"class_list":{"0":"post-32952","1":"product","2":"type-product","3":"status-publish","4":"has-post-thumbnail","6":"product_cat-material-escolar-1ere","7":"product_cat-material-escolar-2nde","8":"product_cat-material-escolar-3eme","9":"product_cat-material-escolar-4eme","10":"product_cat-material-escolar-5eme","11":"product_cat-material-escolar-6eme","12":"product_cat-material-escolar-terminale","13":"product_tag-goma","14":"product_tag-staedtler","16":"first","17":"instock","18":"taxable","19":"shipping-taxable","20":"purchasable","21":"product-type-simple"},"_links":{"self":[{"href":"https:\/\/www.papeleriaaquarela.com\/index.php?rest_route=\/wp\/v2\/product\/32952","targetHints":{"allow":["GET"]}}],"collection":[{"href":"https:\/\/www.papeleriaaquarela.com\/index.php?rest_route=\/wp\/v2\/product"}],"about":[{"href":"https:\/\/www.papeleriaaquarela.com\/index.php?rest_route=\/wp\/v2\/types\/product"}],"version-history":[{"count":1,"href":"https:\/\/www.papeleriaaquarela.com\/index.php?rest_route=\/wp\/v2\/product\/32952\/revisions"}],"predecessor-version":[{"id":37167,"href":"https:\/\/www.papeleriaaquarela.com\/index.php?rest_route=\/wp\/v2\/product\/32952\/revisions\/37167"}],"wp:featuredmedia":[{"embeddable":true,"href":"https:\/\/www.papeleriaaquarela.com\/index.php?rest_route=\/wp\/v2\/media\/32951"}],"wp:attachment":[{"href":"https:\/\/www.papeleriaaquarela.com\/index.php?rest_route=%2Fwp%2Fv2%2Fmedia&parent=32952"}],"wp:term":[{"taxonomy":"product_brand","embeddable":true,"href":"https:\/\/www.papeleriaaquarela.com\/index.php?rest_route=%2Fwp%2Fv2%2Fproduct_brand&post=32952"},{"taxonomy":"product_cat","embeddable":true,"href":"https:\/\/www.papeleriaaquarela.com\/index.php?rest_route=%2Fwp%2Fv2%2Fproduct_cat&post=32952"},{"taxonomy":"product_tag","embeddable":true,"href":"https:\/\/www.papeleriaaquarela.com\/index.php?rest_route=%2Fwp%2Fv2%2Fproduct_tag&post=32952"}],"curies":[{"name":"wp","href":"https:\/\/api.w.org\/{rel}","templated":true}]}}