{"id":32919,"date":"2018-09-22T13:19:14","date_gmt":"2018-09-22T13:19:14","guid":{"rendered":"https:\/\/www.papeleriaaquarela.com\/?product=barra-de-pegamento-pritt-stick-original-11-grs"},"modified":"2025-07-01T07:35:21","modified_gmt":"2025-07-01T07:35:21","slug":"barra-de-pegamento-pritt-stick-original-11-grs","status":"publish","type":"product","link":"https:\/\/www.papeleriaaquarela.com\/?product=barra-de-pegamento-pritt-stick-original-11-grs","title":{"rendered":"Barra de Pegamento Pritt Stick Original 11 grs."},"content":{"rendered":"<p>El pegamento en barra Pritt no contiene disolventes y est\u00e1 hecho en un 90% con ingredientes naturales, incluyendo agua. Esto hace que sea adecuado y seguro para los ni\u00f1os.<\/p>\n<p><strong>Peque\u00f1o\u00a0(11 gramos)<\/strong>\u00a0est\u00e1 dirigido a los ni\u00f1os y para pegar \u00e1reas, bordes y esquinas m\u00e1s peque\u00f1as.<\/p>\n","protected":false},"excerpt":{"rendered":"<p>El pegamento en barra Pritt no contiene disolventes y est\u00e1 hecho en un 90% con ingredientes naturales, incluyendo agua. Esto hace que sea adecuado y seguro para los ni\u00f1os.<\/p>\n<p><strong>Peque\u00f1o\u00a0(11 gramos)<\/strong><\/p>\n<\/p><\/p>\n","protected":false},"featured_media":32918,"template":"","meta":[],"product_brand":[],"product_cat":[1066,1063,1060,1057,1054,1051,1041,1044,1046,1048,1039,1069],"product_tag":[876,875,874],"class_list":{"0":"post-32919","1":"product","2":"type-product","3":"status-publish","4":"has-post-thumbnail","6":"product_cat-material-escolar-1ere","7":"product_cat-material-escolar-2nde","8":"product_cat-material-escolar-3eme","9":"product_cat-material-escolar-4eme","10":"product_cat-material-escolar-5eme","11":"product_cat-material-escolar-6eme","12":"product_cat-material-escolar-ce1","13":"product_cat-material-escolar-ce2","14":"product_cat-material-escolar-cm1","15":"product_cat-material-escolar-cm2","16":"product_cat-material-escolar-cp","17":"product_cat-material-escolar-terminale","18":"product_tag-barra","19":"product_tag-cola","20":"product_tag-pegamento","22":"first","23":"instock","24":"taxable","25":"shipping-taxable","26":"purchasable","27":"product-type-simple"},"_links":{"self":[{"href":"https:\/\/www.papeleriaaquarela.com\/index.php?rest_route=\/wp\/v2\/product\/32919","targetHints":{"allow":["GET"]}}],"collection":[{"href":"https:\/\/www.papeleriaaquarela.com\/index.php?rest_route=\/wp\/v2\/product"}],"about":[{"href":"https:\/\/www.papeleriaaquarela.com\/index.php?rest_route=\/wp\/v2\/types\/product"}],"version-history":[{"count":1,"href":"https:\/\/www.papeleriaaquarela.com\/index.php?rest_route=\/wp\/v2\/product\/32919\/revisions"}],"predecessor-version":[{"id":37169,"href":"https:\/\/www.papeleriaaquarela.com\/index.php?rest_route=\/wp\/v2\/product\/32919\/revisions\/37169"}],"wp:featuredmedia":[{"embeddable":true,"href":"https:\/\/www.papeleriaaquarela.com\/index.php?rest_route=\/wp\/v2\/media\/32918"}],"wp:attachment":[{"href":"https:\/\/www.papeleriaaquarela.com\/index.php?rest_route=%2Fwp%2Fv2%2Fmedia&parent=32919"}],"wp:term":[{"taxonomy":"product_brand","embeddable":true,"href":"https:\/\/www.papeleriaaquarela.com\/index.php?rest_route=%2Fwp%2Fv2%2Fproduct_brand&post=32919"},{"taxonomy":"product_cat","embeddable":true,"href":"https:\/\/www.papeleriaaquarela.com\/index.php?rest_route=%2Fwp%2Fv2%2Fproduct_cat&post=32919"},{"taxonomy":"product_tag","embeddable":true,"href":"https:\/\/www.papeleriaaquarela.com\/index.php?rest_route=%2Fwp%2Fv2%2Fproduct_tag&post=32919"}],"curies":[{"name":"wp","href":"https:\/\/api.w.org\/{rel}","templated":true}]}}