{"id":32915,"date":"2018-09-22T12:53:11","date_gmt":"2018-09-22T12:53:11","guid":{"rendered":"https:\/\/www.papeleriaaquarela.com\/?product=barra-de-pegamento-pritt-stick-original-22-grs"},"modified":"2025-08-11T05:59:41","modified_gmt":"2025-08-11T05:59:41","slug":"barra-de-pegamento-pritt-stick-original-22-grs","status":"publish","type":"product","link":"https:\/\/www.papeleriaaquarela.com\/?product=barra-de-pegamento-pritt-stick-original-22-grs","title":{"rendered":"Barra de Pegamento Pritt Stick Original 22 grs."},"content":{"rendered":"<p>El pegamento en barra Pritt no contiene disolventes y est\u00e1 hecho en un 90% con ingredientes naturales, incluyendo agua. Esto hace que sea adecuado y seguro para los ni\u00f1os.<\/p>\n<p><strong>Mediano (22 gramos)<\/strong> est\u00e1 enfocado m\u00e1s a la parte creativa del pegado de papel, \u00fatil tanto para la oficina, la escuela o en casa.<\/p><\/p>\n","protected":false},"excerpt":{"rendered":"<p>El pegamento en barra Pritt no contiene disolventes y est\u00e1 hecho en un 90% con ingredientes naturales, incluyendo agua. Esto hace que sea adecuado y seguro para los ni\u00f1os.<\/p>\n<p><strong>Mediano (22 gramos)<\/strong><\/p>\n<\/p><\/p>\n","protected":false},"featured_media":32913,"template":"","meta":[],"product_brand":[],"product_cat":[1066,1063,1060,1057,1054,1051,1041,1044,1046,1048,1039,1069],"product_tag":[876,875,874],"class_list":{"0":"post-32915","1":"product","2":"type-product","3":"status-publish","4":"has-post-thumbnail","6":"product_cat-material-escolar-1ere","7":"product_cat-material-escolar-2nde","8":"product_cat-material-escolar-3eme","9":"product_cat-material-escolar-4eme","10":"product_cat-material-escolar-5eme","11":"product_cat-material-escolar-6eme","12":"product_cat-material-escolar-ce1","13":"product_cat-material-escolar-ce2","14":"product_cat-material-escolar-cm1","15":"product_cat-material-escolar-cm2","16":"product_cat-material-escolar-cp","17":"product_cat-material-escolar-terminale","18":"product_tag-barra","19":"product_tag-cola","20":"product_tag-pegamento","22":"first","23":"instock","24":"taxable","25":"shipping-taxable","26":"purchasable","27":"product-type-simple"},"_links":{"self":[{"href":"https:\/\/www.papeleriaaquarela.com\/index.php?rest_route=\/wp\/v2\/product\/32915","targetHints":{"allow":["GET"]}}],"collection":[{"href":"https:\/\/www.papeleriaaquarela.com\/index.php?rest_route=\/wp\/v2\/product"}],"about":[{"href":"https:\/\/www.papeleriaaquarela.com\/index.php?rest_route=\/wp\/v2\/types\/product"}],"version-history":[{"count":1,"href":"https:\/\/www.papeleriaaquarela.com\/index.php?rest_route=\/wp\/v2\/product\/32915\/revisions"}],"predecessor-version":[{"id":37170,"href":"https:\/\/www.papeleriaaquarela.com\/index.php?rest_route=\/wp\/v2\/product\/32915\/revisions\/37170"}],"wp:featuredmedia":[{"embeddable":true,"href":"https:\/\/www.papeleriaaquarela.com\/index.php?rest_route=\/wp\/v2\/media\/32913"}],"wp:attachment":[{"href":"https:\/\/www.papeleriaaquarela.com\/index.php?rest_route=%2Fwp%2Fv2%2Fmedia&parent=32915"}],"wp:term":[{"taxonomy":"product_brand","embeddable":true,"href":"https:\/\/www.papeleriaaquarela.com\/index.php?rest_route=%2Fwp%2Fv2%2Fproduct_brand&post=32915"},{"taxonomy":"product_cat","embeddable":true,"href":"https:\/\/www.papeleriaaquarela.com\/index.php?rest_route=%2Fwp%2Fv2%2Fproduct_cat&post=32915"},{"taxonomy":"product_tag","embeddable":true,"href":"https:\/\/www.papeleriaaquarela.com\/index.php?rest_route=%2Fwp%2Fv2%2Fproduct_tag&post=32915"}],"curies":[{"name":"wp","href":"https:\/\/api.w.org\/{rel}","templated":true}]}}