{"id":32549,"date":"2018-02-03T12:45:34","date_gmt":"2018-02-03T12:45:34","guid":{"rendered":"https:\/\/www.papeleriaaquarela.com\/?product=24-lapices-aquarell-noris-club"},"modified":"2025-07-04T07:44:58","modified_gmt":"2025-07-04T07:44:58","slug":"24-lapices-aquarell-noris-club","status":"publish","type":"product","link":"https:\/\/www.papeleriaaquarela.com\/?product=24-lapices-aquarell-noris-club","title":{"rendered":"24 LAPICES AQUARELL NORIS CLUB"},"content":{"rendered":"<div class=\"row\">\n<div class=\"product-information col-xs-12 col-sm-12\">\n<div class=\"pad2\">\n<p class=\"text-left\">L\u00e1pices de color acuarelables, con mina ABS (Anti-Break-System), sistema de la mina que incrementa un 30% su resistencia, colores brillantes, f\u00e1ciles de afilar, mina de 3 mm \u00d8. L\u00e1pices ecol\u00f3gicos, con madera con certificaci\u00f3n PEFC, procedente de bosques de gesti\u00f3n sostenible.<\/p>\n<\/p><\/div>\n<\/p><\/div>\n<\/p><\/div>\n<div class=\"row\">\n<div class=\"col-xs-12 col-sm-12 col-md-11\"><\/div>\n<\/p><\/div>\n<div class=\"row\">\n<div class=\"col-xs-12 col-sm-12 col-md-12\">\n<div class=\"container-fluid produktuak\">\n<div class=\"menu-produktuak\"><\/div>\n<\/p><\/div>\n<\/p><\/div>\n<\/p><\/div>\n","protected":false},"excerpt":{"rendered":"<div class=\"row\">\n<div class=\"product-information col-xs-12 col-sm-12\">\n<div class=\"pad2\">\n<p class=\"text-left\">L\u00e1pices de color acuarelables, con mina ABS (Anti-Break-System), sistema de la mina que incrementa un 30% su resistencia, colores brillantes, f\u00e1ciles de afilar, mina de 3 mm \u00d8. L\u00e1pices ecol\u00f3gicos, con madera con certificaci\u00f3n PEFC, procedente de bosques de gesti\u00f3n sostenible.<\/p>\n<\/p><\/div>\n<\/p><\/div>\n<\/p><\/div>\n<div class=\"row\">\n<div class=\"col-xs-12 col-sm-12 col-md-11\"><\/div>\n<\/p><\/div>\n<div class=\"row\">\n<div class=\"col-xs-12 col-sm-12 col-md-12\">\n<div class=\"container-fluid produktuak\">\n<div class=\"menu-produktuak\"><\/div>\n<\/p><\/div>\n<\/p><\/div>\n<\/p><\/div>\n","protected":false},"featured_media":32548,"template":"","meta":[],"product_brand":[],"product_cat":[1066,1063,1060,1057,1054,1051,1069],"product_tag":[795],"class_list":{"0":"post-32549","1":"product","2":"type-product","3":"status-publish","4":"has-post-thumbnail","6":"product_cat-material-escolar-1ere","7":"product_cat-material-escolar-2nde","8":"product_cat-material-escolar-3eme","9":"product_cat-material-escolar-4eme","10":"product_cat-material-escolar-5eme","11":"product_cat-material-escolar-6eme","12":"product_cat-material-escolar-terminale","13":"product_tag-material-escolar","15":"first","16":"instock","17":"taxable","18":"shipping-taxable","19":"purchasable","20":"product-type-simple"},"_links":{"self":[{"href":"https:\/\/www.papeleriaaquarela.com\/index.php?rest_route=\/wp\/v2\/product\/32549","targetHints":{"allow":["GET"]}}],"collection":[{"href":"https:\/\/www.papeleriaaquarela.com\/index.php?rest_route=\/wp\/v2\/product"}],"about":[{"href":"https:\/\/www.papeleriaaquarela.com\/index.php?rest_route=\/wp\/v2\/types\/product"}],"version-history":[{"count":1,"href":"https:\/\/www.papeleriaaquarela.com\/index.php?rest_route=\/wp\/v2\/product\/32549\/revisions"}],"predecessor-version":[{"id":37178,"href":"https:\/\/www.papeleriaaquarela.com\/index.php?rest_route=\/wp\/v2\/product\/32549\/revisions\/37178"}],"wp:featuredmedia":[{"embeddable":true,"href":"https:\/\/www.papeleriaaquarela.com\/index.php?rest_route=\/wp\/v2\/media\/32548"}],"wp:attachment":[{"href":"https:\/\/www.papeleriaaquarela.com\/index.php?rest_route=%2Fwp%2Fv2%2Fmedia&parent=32549"}],"wp:term":[{"taxonomy":"product_brand","embeddable":true,"href":"https:\/\/www.papeleriaaquarela.com\/index.php?rest_route=%2Fwp%2Fv2%2Fproduct_brand&post=32549"},{"taxonomy":"product_cat","embeddable":true,"href":"https:\/\/www.papeleriaaquarela.com\/index.php?rest_route=%2Fwp%2Fv2%2Fproduct_cat&post=32549"},{"taxonomy":"product_tag","embeddable":true,"href":"https:\/\/www.papeleriaaquarela.com\/index.php?rest_route=%2Fwp%2Fv2%2Fproduct_tag&post=32549"}],"curies":[{"name":"wp","href":"https:\/\/api.w.org\/{rel}","templated":true}]}}