{"id":32414,"date":"2017-12-01T17:19:00","date_gmt":"2017-12-01T17:19:00","guid":{"rendered":"https:\/\/www.papeleriaaquarela.com\/?product=recambio-hojas-simples-seyes-a4-100-paginas-grands-carreaux"},"modified":"2025-08-11T06:02:22","modified_gmt":"2025-08-11T06:02:22","slug":"recambio-hojas-simples-seyes-a4-100-paginas-grands-carreaux","status":"publish","type":"product","link":"https:\/\/www.papeleriaaquarela.com\/?product=recambio-hojas-simples-seyes-a4-100-paginas-grands-carreaux","title":{"rendered":"Recambio Hojas  simples  Sey\u00e8s A4   100 p\u00e1ginas  Grands carreaux"},"content":{"rendered":"<p style=\"font-weight:normal;\"><span style=\"color:#000000;\"><span style=\"font-family:'Times New Roman', serif;\"><span style=\"font-size:medium;\">Recambio A4 (21&#215;29,7 cm) cuadr\u00edcula francesa\u00a0\u00abfeuillets mobiles\u00bb 100 p\u00e1ginas , 50 hojas- s\u00e9y\u00e8s (liceo frances) papel de 90grs Calligraphe.<\/span><\/span><\/span><span style=\"color:#000000;\"><span style=\"font-family:'Times New Roman', serif;\"><span style=\"font-size:medium;\"><\/span><\/span><\/span><\/p>\n<p style=\"font-weight:normal;\"><span style=\"color:#000000;\"><span style=\"font-family:'Times New Roman', serif;\"><span style=\"font-size:medium;\">Hojas simples multitaladro.<\/span><\/span><\/span><\/p>\n","protected":false},"excerpt":{"rendered":"<p style=\"font-weight:normal;\"><span style=\"color:#000000;\"><span style=\"font-family:'Times New Roman', serif;\"><span style=\"font-size:medium;\">Recambio A4 (21&#215;29,7 cm) cuadr\u00edcula francesa\u00a0\u00abfeuillets mobiles\u00bb 100 p\u00e1ginas , 50 hojas- s\u00e9y\u00e8s (liceo frances) papel de 90grs Calligraphe.<\/span><\/span><\/span><span style=\"color:#000000;\"><span style=\"font-family:'Times New Roman', serif;\"><span style=\"font-size:medium;\"><\/span><\/span><\/span><\/p>\n<p style=\"font-weight:normal;\"><span style=\"color:#000000;\"><span style=\"font-family:'Times New Roman', serif;\"><span style=\"font-size:medium;\">Hojas simples multitaladro.<\/span><\/span><\/span><\/p>\n","protected":false},"featured_media":32413,"template":"","meta":[],"product_brand":[],"product_cat":[1066,1063,1060,1057,1054,1051,1069],"product_tag":[775,774,698,773,697],"class_list":{"0":"post-32414","1":"product","2":"type-product","3":"status-publish","4":"has-post-thumbnail","6":"product_cat-material-escolar-1ere","7":"product_cat-material-escolar-2nde","8":"product_cat-material-escolar-3eme","9":"product_cat-material-escolar-4eme","10":"product_cat-material-escolar-5eme","11":"product_cat-material-escolar-6eme","12":"product_cat-material-escolar-terminale","13":"product_tag-feuilles-mobiles","14":"product_tag-hojas-simples","15":"product_tag-liceo-frances","16":"product_tag-recambio","17":"product_tag-seyes","19":"first","20":"instock","21":"taxable","22":"shipping-taxable","23":"purchasable","24":"product-type-simple"},"_links":{"self":[{"href":"https:\/\/www.papeleriaaquarela.com\/index.php?rest_route=\/wp\/v2\/product\/32414","targetHints":{"allow":["GET"]}}],"collection":[{"href":"https:\/\/www.papeleriaaquarela.com\/index.php?rest_route=\/wp\/v2\/product"}],"about":[{"href":"https:\/\/www.papeleriaaquarela.com\/index.php?rest_route=\/wp\/v2\/types\/product"}],"version-history":[{"count":1,"href":"https:\/\/www.papeleriaaquarela.com\/index.php?rest_route=\/wp\/v2\/product\/32414\/revisions"}],"predecessor-version":[{"id":36652,"href":"https:\/\/www.papeleriaaquarela.com\/index.php?rest_route=\/wp\/v2\/product\/32414\/revisions\/36652"}],"wp:featuredmedia":[{"embeddable":true,"href":"https:\/\/www.papeleriaaquarela.com\/index.php?rest_route=\/wp\/v2\/media\/32413"}],"wp:attachment":[{"href":"https:\/\/www.papeleriaaquarela.com\/index.php?rest_route=%2Fwp%2Fv2%2Fmedia&parent=32414"}],"wp:term":[{"taxonomy":"product_brand","embeddable":true,"href":"https:\/\/www.papeleriaaquarela.com\/index.php?rest_route=%2Fwp%2Fv2%2Fproduct_brand&post=32414"},{"taxonomy":"product_cat","embeddable":true,"href":"https:\/\/www.papeleriaaquarela.com\/index.php?rest_route=%2Fwp%2Fv2%2Fproduct_cat&post=32414"},{"taxonomy":"product_tag","embeddable":true,"href":"https:\/\/www.papeleriaaquarela.com\/index.php?rest_route=%2Fwp%2Fv2%2Fproduct_tag&post=32414"}],"curies":[{"name":"wp","href":"https:\/\/api.w.org\/{rel}","templated":true}]}}