{"id":32213,"date":"2017-09-29T16:33:34","date_gmt":"2017-09-29T16:33:34","guid":{"rendered":"https:\/\/www.papeleriaaquarela.com\/?product=boligrafo-pilot-tinta-liquida-rot-v-ball"},"modified":"2025-07-16T11:22:46","modified_gmt":"2025-07-16T11:22:46","slug":"boligrafo-pilot-tinta-liquida-rot-v-ball","status":"publish","type":"product","link":"https:\/\/www.papeleriaaquarela.com\/?product=boligrafo-pilot-tinta-liquida-rot-v-ball","title":{"rendered":"BOL\u00cdGRAFO PILOT TINTA L\u00cdQUIDA ROT. V-BALL"},"content":{"rendered":"<p>Tinta l\u00edquida.<\/p>\n<p>Di\u00e1metro de bola: 0,5 mm.<\/p>\n<p>Punta de bola.<\/p>\n<p>Tubo de acero inoxidable.<\/p>\n<p>Visor de tinta.<\/p>\n<p>Cuerpo del color de la tinta.<\/p>\n<p>Dispone del mecanismo de control de tinta VSystem exclusivo de PILOT.<\/p>\n","protected":false},"excerpt":{"rendered":"<p>Tinta l\u00edquida.<\/p>\n<p>Di\u00e1metro de bola: 0,5 mm.<\/p>\n<p>Punta de bola.<\/p>\n<p>Tubo de acero inoxidable.<\/p>\n<p>Visor de tinta.<\/p>\n<p>Cuerpo del color de la tinta.<\/p>\n<p>Dispone del mecanismo de control de tinta VSystem exclusivo de PILOT.<\/p>\n","protected":false},"featured_media":32209,"template":"","meta":[],"product_brand":[],"product_cat":[73],"product_tag":[723,728,729],"class_list":{"0":"post-32213","1":"product","2":"type-product","3":"status-publish","4":"has-post-thumbnail","6":"product_cat-liceo-frances","7":"product_tag-pilot","8":"product_tag-tinta","9":"product_tag-v5","11":"first","12":"instock","13":"taxable","14":"shipping-taxable","15":"purchasable","16":"product-type-simple"},"_links":{"self":[{"href":"https:\/\/www.papeleriaaquarela.com\/index.php?rest_route=\/wp\/v2\/product\/32213","targetHints":{"allow":["GET"]}}],"collection":[{"href":"https:\/\/www.papeleriaaquarela.com\/index.php?rest_route=\/wp\/v2\/product"}],"about":[{"href":"https:\/\/www.papeleriaaquarela.com\/index.php?rest_route=\/wp\/v2\/types\/product"}],"version-history":[{"count":1,"href":"https:\/\/www.papeleriaaquarela.com\/index.php?rest_route=\/wp\/v2\/product\/32213\/revisions"}],"predecessor-version":[{"id":37496,"href":"https:\/\/www.papeleriaaquarela.com\/index.php?rest_route=\/wp\/v2\/product\/32213\/revisions\/37496"}],"wp:featuredmedia":[{"embeddable":true,"href":"https:\/\/www.papeleriaaquarela.com\/index.php?rest_route=\/wp\/v2\/media\/32209"}],"wp:attachment":[{"href":"https:\/\/www.papeleriaaquarela.com\/index.php?rest_route=%2Fwp%2Fv2%2Fmedia&parent=32213"}],"wp:term":[{"taxonomy":"product_brand","embeddable":true,"href":"https:\/\/www.papeleriaaquarela.com\/index.php?rest_route=%2Fwp%2Fv2%2Fproduct_brand&post=32213"},{"taxonomy":"product_cat","embeddable":true,"href":"https:\/\/www.papeleriaaquarela.com\/index.php?rest_route=%2Fwp%2Fv2%2Fproduct_cat&post=32213"},{"taxonomy":"product_tag","embeddable":true,"href":"https:\/\/www.papeleriaaquarela.com\/index.php?rest_route=%2Fwp%2Fv2%2Fproduct_tag&post=32213"}],"curies":[{"name":"wp","href":"https:\/\/api.w.org\/{rel}","templated":true}]}}