{"id":32208,"date":"2017-09-29T15:51:20","date_gmt":"2017-09-29T15:51:20","guid":{"rendered":"https:\/\/www.papeleriaaquarela.com\/?product=rotulador-pilot-v-5-boligrafo-tinta-liquida-rot-v-5"},"modified":"2025-07-16T11:19:16","modified_gmt":"2025-07-16T11:19:16","slug":"rotulador-pilot-v-5-boligrafo-tinta-liquida-rot-v-5","status":"publish","type":"product","link":"https:\/\/www.papeleriaaquarela.com\/?product=rotulador-pilot-v-5-boligrafo-tinta-liquida-rot-v-5","title":{"rendered":"ROTULADOR PILOT V-5 BOL\u00cdGRAFO TINTA L\u00cdQUIDA ROT. V-5"},"content":{"rendered":"<p>Tinta l\u00edquida.<\/p>\n<p>Di\u00e1metro de punta: 0,5 mm.<\/p>\n<p>Punta de aguja.<\/p>\n<p>M\u00e1s de 2.000 metros de escritura<\/p>\n<p>Visor de tinta.<\/p>\n<p>Cuerpo del color de la tinta.<\/p>\n<p>Dispone del mecanismo de control de tinta VSystem exclusivo de PILOT.<\/p>\n<p>Superficies de escritura: Papel<\/p>\n","protected":false},"excerpt":{"rendered":"<p>Tinta l\u00edquida.<\/p>\n<p>Di\u00e1metro de punta: 0,5 mm.<\/p>\n<p>Punta de aguja.<\/p>\n<p>M\u00e1s de 2.000 metros de escritura<\/p>\n<p>Visor de tinta.<\/p>\n<p>Cuerpo del color de la tinta.<\/p>\n<p>Dispone del mecanismo de control de tinta VSystem exclusivo de PILOT.<\/p>\n<p>Superficies de escritura: Papel<\/p>\n","protected":false},"featured_media":32204,"template":"","meta":[],"product_brand":[],"product_cat":[73],"product_tag":[723,728],"class_list":{"0":"post-32208","1":"product","2":"type-product","3":"status-publish","4":"has-post-thumbnail","6":"product_cat-liceo-frances","7":"product_tag-pilot","8":"product_tag-tinta","10":"first","11":"instock","12":"taxable","13":"shipping-taxable","14":"purchasable","15":"product-type-simple"},"_links":{"self":[{"href":"https:\/\/www.papeleriaaquarela.com\/index.php?rest_route=\/wp\/v2\/product\/32208","targetHints":{"allow":["GET"]}}],"collection":[{"href":"https:\/\/www.papeleriaaquarela.com\/index.php?rest_route=\/wp\/v2\/product"}],"about":[{"href":"https:\/\/www.papeleriaaquarela.com\/index.php?rest_route=\/wp\/v2\/types\/product"}],"version-history":[{"count":1,"href":"https:\/\/www.papeleriaaquarela.com\/index.php?rest_route=\/wp\/v2\/product\/32208\/revisions"}],"predecessor-version":[{"id":37495,"href":"https:\/\/www.papeleriaaquarela.com\/index.php?rest_route=\/wp\/v2\/product\/32208\/revisions\/37495"}],"wp:featuredmedia":[{"embeddable":true,"href":"https:\/\/www.papeleriaaquarela.com\/index.php?rest_route=\/wp\/v2\/media\/32204"}],"wp:attachment":[{"href":"https:\/\/www.papeleriaaquarela.com\/index.php?rest_route=%2Fwp%2Fv2%2Fmedia&parent=32208"}],"wp:term":[{"taxonomy":"product_brand","embeddable":true,"href":"https:\/\/www.papeleriaaquarela.com\/index.php?rest_route=%2Fwp%2Fv2%2Fproduct_brand&post=32208"},{"taxonomy":"product_cat","embeddable":true,"href":"https:\/\/www.papeleriaaquarela.com\/index.php?rest_route=%2Fwp%2Fv2%2Fproduct_cat&post=32208"},{"taxonomy":"product_tag","embeddable":true,"href":"https:\/\/www.papeleriaaquarela.com\/index.php?rest_route=%2Fwp%2Fv2%2Fproduct_tag&post=32208"}],"curies":[{"name":"wp","href":"https:\/\/api.w.org\/{rel}","templated":true}]}}