{"id":32129,"date":"2017-09-21T18:09:07","date_gmt":"2017-09-21T18:09:07","guid":{"rendered":"https:\/\/www.papeleriaaquarela.com\/?product=compas-tecnico-precision-system-maped"},"modified":"2025-08-11T06:00:40","modified_gmt":"2025-08-11T06:00:40","slug":"compas-tecnico-precision-system-maped","status":"publish","type":"product","link":"https:\/\/www.papeleriaaquarela.com\/?product=compas-tecnico-precision-system-maped","title":{"rendered":"Comp\u00e1s t\u00e9cnico PRECISION SYSTEM MAPED"},"content":{"rendered":"<p>Comp\u00e1s de la marca MAPED con bigotera y sistema de ajuste de precisi\u00f3n<\/p>\n<p>Color aleatorio<\/p>\n<p>Puede hacer circunferencias de 300 mm de di\u00e1metro y la longitud del comp\u00e1s es de 165 mm<\/p>\n<p>Incluye adaptador y caja para las minas<\/p>\n<p>Presentado en estuche de pl\u00e1stico antichoque y 100% reciclable<\/p>\n","protected":false},"excerpt":{"rendered":"<p>Comp\u00e1s de la marca MAPED con bigotera y sistema de ajuste de precisi\u00f3n<\/p>\n<p>Puede hacer circunferencias de 300 mm de di\u00e1metro y la longitud del comp\u00e1s es de 165 mm<\/p>\n<p>Incluye adaptador y caja para las minas<\/p>\n<p>Presentado en estuche de pl\u00e1stico antichoque y 100% reciclable<\/p><\/p>\n","protected":false},"featured_media":32126,"template":"","meta":[],"product_brand":[],"product_cat":[1060,1057,1054,1051],"product_tag":[707,705,706,708],"class_list":{"0":"post-32129","1":"product","2":"type-product","3":"status-publish","4":"has-post-thumbnail","6":"product_cat-material-escolar-3eme","7":"product_cat-material-escolar-4eme","8":"product_cat-material-escolar-5eme","9":"product_cat-material-escolar-6eme","10":"product_tag-bigotera","11":"product_tag-compas","12":"product_tag-dibujo","13":"product_tag-maped","15":"first","16":"instock","17":"taxable","18":"shipping-taxable","19":"purchasable","20":"product-type-simple"},"_links":{"self":[{"href":"https:\/\/www.papeleriaaquarela.com\/index.php?rest_route=\/wp\/v2\/product\/32129","targetHints":{"allow":["GET"]}}],"collection":[{"href":"https:\/\/www.papeleriaaquarela.com\/index.php?rest_route=\/wp\/v2\/product"}],"about":[{"href":"https:\/\/www.papeleriaaquarela.com\/index.php?rest_route=\/wp\/v2\/types\/product"}],"version-history":[{"count":1,"href":"https:\/\/www.papeleriaaquarela.com\/index.php?rest_route=\/wp\/v2\/product\/32129\/revisions"}],"predecessor-version":[{"id":36395,"href":"https:\/\/www.papeleriaaquarela.com\/index.php?rest_route=\/wp\/v2\/product\/32129\/revisions\/36395"}],"wp:featuredmedia":[{"embeddable":true,"href":"https:\/\/www.papeleriaaquarela.com\/index.php?rest_route=\/wp\/v2\/media\/32126"}],"wp:attachment":[{"href":"https:\/\/www.papeleriaaquarela.com\/index.php?rest_route=%2Fwp%2Fv2%2Fmedia&parent=32129"}],"wp:term":[{"taxonomy":"product_brand","embeddable":true,"href":"https:\/\/www.papeleriaaquarela.com\/index.php?rest_route=%2Fwp%2Fv2%2Fproduct_brand&post=32129"},{"taxonomy":"product_cat","embeddable":true,"href":"https:\/\/www.papeleriaaquarela.com\/index.php?rest_route=%2Fwp%2Fv2%2Fproduct_cat&post=32129"},{"taxonomy":"product_tag","embeddable":true,"href":"https:\/\/www.papeleriaaquarela.com\/index.php?rest_route=%2Fwp%2Fv2%2Fproduct_tag&post=32129"}],"curies":[{"name":"wp","href":"https:\/\/api.w.org\/{rel}","templated":true}]}}