{"id":32090,"date":"2017-09-03T17:57:24","date_gmt":"2017-09-03T17:57:24","guid":{"rendered":"https:\/\/www.papeleriaaquarela.com\/?product=casio-fx-991sp-cw-calculadora-cientifica"},"modified":"2025-07-07T15:42:42","modified_gmt":"2025-07-07T15:42:42","slug":"casio-fx-991sp-cw-calculadora-cientifica","status":"publish","type":"product","link":"https:\/\/www.papeleriaaquarela.com\/?product=casio-fx-991sp-cw-calculadora-cientifica","title":{"rendered":"Casio FX-991SP CW &#8211; Calculadora Cient\u00edfica,"},"content":{"rendered":"<ul class=\"a-unordered-list a-vertical a-spacing-mini\">\n<li class=\"a-spacing-mini\"><span class=\"a-list-item\">Alimentaci\u00f3n solar; hoja de c\u00e1lculo; c\u00f3digo QR; distribuciones de probabilidad; 12 d\u00edgitos<\/span><\/li>\n<li class=\"a-spacing-mini\"><span class=\"a-list-item\">M\u00e1s de 560 funciones; constantes cient\u00edficas; c\u00e1lculo vectorial y de matrices; conversi\u00f3n de unidades<\/span><\/li>\n<li class=\"a-spacing-mini\"><span class=\"a-list-item\">Integrales definidas y derivadas en un punto; c\u00e1lculos con n\u00fameros complejos<\/span><\/li>\n<li class=\"a-spacing-mini\"><span class=\"a-list-item\">Estad\u00edstica; men\u00fa MathBox<\/span><\/li>\n<\/ul>\n<table class=\"a-normal a-spacing-micro\" width=\"534\" style=\"height:232px;\">\n<tbody>\n<tr class=\"a-spacing-small po-brand\">\n<td class=\"a-span3\"><span class=\"a-size-base a-text-bold\">Marca<\/span><\/td>\n<td class=\"a-span9\"><span class=\"a-size-base po-break-word\">Casio<\/span><\/td>\n<\/tr>\n<tr class=\"a-spacing-small po-color\">\n<td class=\"a-span3\"><span class=\"a-size-base a-text-bold\">Color<\/span><\/td>\n<td class=\"a-span9\"><span class=\"a-size-base po-break-word\">Blanco<\/span><\/td>\n<\/tr>\n<tr class=\"a-spacing-small po-calculator_type\">\n<td class=\"a-span3\"><span class=\"a-size-base a-text-bold\">Tipo de calculadora<\/span><\/td>\n<td class=\"a-span9\"><span class=\"a-size-base po-break-word\">Ingenier\u00eda\/Cient\u00edfica<\/span><\/td>\n<\/tr>\n<tr class=\"a-spacing-small po-power_source_type\">\n<td class=\"a-span3\"><span class=\"a-size-base a-text-bold\">Fuente de alimentaci\u00f3n<\/span><\/td>\n<td class=\"a-span9\"><span class=\"a-size-base po-break-word\">Energ\u00eda solar<\/span><\/td>\n<\/tr>\n<tr class=\"a-spacing-small po-num_batteries\">\n<td class=\"a-span3\"><span class=\"a-size-base a-text-bold\">Cantidad de pilas<\/span><\/td>\n<td class=\"a-span9\"><span class=\"a-size-base po-break-word\">1 LR44 necesaria(s), incluida(s)<\/span><\/td>\n<\/tr>\n<tr class=\"a-spacing-small po-model_name\">\n<td class=\"a-span3\"><span class=\"a-size-base a-text-bold\">Nombre del modelo<\/span><\/td>\n<td class=\"a-span9\"><span class=\"a-size-base po-break-word\">FX-991SPCW-WE-W-ET<\/span><\/td>\n<\/tr>\n<tr class=\"a-spacing-small po-material\">\n<td class=\"a-span3\"><span class=\"a-size-base a-text-bold\">Material<\/span><\/td>\n<td class=\"a-span9\"><span class=\"a-size-base po-break-word\">Pl\u00e1stico<\/span><\/td>\n<\/tr>\n<tr class=\"a-spacing-small po-compatible_devices\">\n<td class=\"a-span3\"><span class=\"a-size-base a-text-bold\">Dispositivos compatibles<\/span><\/td>\n<td class=\"a-span9\"><span class=\"a-size-base po-break-word\">Ninguno<\/span><\/td>\n<\/tr>\n<tr class=\"a-spacing-small po-item_length_width\">\n<td class=\"a-span3\"><span class=\"a-size-base a-text-bold\">Dimensiones del producto<\/span><\/td>\n<td class=\"a-span9\"><span class=\"a-size-base po-break-word\">16,2L x 7,7W cent\u00edmetros<\/span><\/td>\n<\/tr>\n<\/tbody>\n<\/table>\n","protected":false},"excerpt":{"rendered":"<ul class=\"a-unordered-list a-vertical a-spacing-mini\">\n<li class=\"a-spacing-mini\"><span class=\"a-list-item\">Alimentaci\u00f3n solar; hoja de c\u00e1lculo; c\u00f3digo QR; distribuciones de probabilidad; 12 d\u00edgitos<\/span><\/li>\n<li class=\"a-spacing-mini\"><span class=\"a-list-item\">M\u00e1s de 560 funciones; constantes cient\u00edficas; c\u00e1lculo vectorial y de matrices; conversi\u00f3n de unidades<\/span><\/li>\n<li class=\"a-spacing-mini\"><span class=\"a-list-item\">Integrales definidas y derivadas en un punto; c\u00e1lculos con n\u00fameros complejos<\/span><\/li>\n<li class=\"a-spacing-mini\"><span class=\"a-list-item\">Estad\u00edstica; men\u00fa MathBox<\/span><\/li>\n<\/ul>\n","protected":false},"featured_media":32089,"template":"","meta":[],"product_brand":[],"product_cat":[73],"product_tag":[],"class_list":{"0":"post-32090","1":"product","2":"type-product","3":"status-publish","4":"has-post-thumbnail","6":"product_cat-liceo-frances","8":"first","9":"instock","10":"taxable","11":"shipping-taxable","12":"purchasable","13":"product-type-simple"},"_links":{"self":[{"href":"https:\/\/www.papeleriaaquarela.com\/index.php?rest_route=\/wp\/v2\/product\/32090","targetHints":{"allow":["GET"]}}],"collection":[{"href":"https:\/\/www.papeleriaaquarela.com\/index.php?rest_route=\/wp\/v2\/product"}],"about":[{"href":"https:\/\/www.papeleriaaquarela.com\/index.php?rest_route=\/wp\/v2\/types\/product"}],"version-history":[{"count":0,"href":"https:\/\/www.papeleriaaquarela.com\/index.php?rest_route=\/wp\/v2\/product\/32090\/revisions"}],"wp:featuredmedia":[{"embeddable":true,"href":"https:\/\/www.papeleriaaquarela.com\/index.php?rest_route=\/wp\/v2\/media\/32089"}],"wp:attachment":[{"href":"https:\/\/www.papeleriaaquarela.com\/index.php?rest_route=%2Fwp%2Fv2%2Fmedia&parent=32090"}],"wp:term":[{"taxonomy":"product_brand","embeddable":true,"href":"https:\/\/www.papeleriaaquarela.com\/index.php?rest_route=%2Fwp%2Fv2%2Fproduct_brand&post=32090"},{"taxonomy":"product_cat","embeddable":true,"href":"https:\/\/www.papeleriaaquarela.com\/index.php?rest_route=%2Fwp%2Fv2%2Fproduct_cat&post=32090"},{"taxonomy":"product_tag","embeddable":true,"href":"https:\/\/www.papeleriaaquarela.com\/index.php?rest_route=%2Fwp%2Fv2%2Fproduct_tag&post=32090"}],"curies":[{"name":"wp","href":"https:\/\/api.w.org\/{rel}","templated":true}]}}