{"id":32085,"date":"2017-08-26T18:58:07","date_gmt":"2017-08-26T18:58:07","guid":{"rendered":"https:\/\/www.papeleriaaquarela.com\/?product=calculadora-cientifica-casio-fx-82-ms-2-edicion-240-funciones"},"modified":"2025-05-20T06:13:33","modified_gmt":"2025-05-20T06:13:33","slug":"calculadora-cientifica-casio-fx-82-ms-2-edicion-240-funciones","status":"publish","type":"product","link":"https:\/\/www.papeleriaaquarela.com\/?product=calculadora-cientifica-casio-fx-82-ms-2-edicion-240-funciones","title":{"rendered":"Calculadora Cient\u00edfica Casio FX-82 MS-2 edici\u00f3n 240 funciones"},"content":{"rendered":"<p>Calculadora escolar est\u00e1ndar con pantalla de 2 l\u00edneas y dise\u00f1o ergon\u00f3mico<\/p>\n<ul>\n<li>\n<p style=\"margin-bottom: 0cm;\">Gran pantalla de 2 l\u00edneas<\/p>\n<\/li>\n<li>\n<p style=\"margin-bottom: 0cm;\">C\u00f3modo sistema de men\u00fas para c\u00e1lculos estad\u00edsticos<\/p>\n<\/li>\n<li>\n<p style=\"margin-bottom: 0cm;\">240 funciones integradas<\/p>\n<\/li>\n<li>\n<p style=\"margin-bottom: 0cm;\">Funci\u00f3n SCI\/FIX\/ENG<\/p>\n<\/li>\n<li>\n<p style=\"margin-bottom: 0cm;\">Funciones trigonom\u00e9tricas<\/p>\n<\/li>\n<li>\n<p style=\"margin-bottom: 0cm;\">C\u00e1lculo de porcentajes<\/p>\n<\/li>\n<li>\n<p style=\"margin-bottom: 0cm;\">24 niveles de par\u00e9ntesis<\/p>\n<\/li>\n<li>\n<p style=\"margin-bottom: 0cm;\">C\u00e1lculo de totales<\/p>\n<\/li>\n<li>\n<p style=\"margin-bottom: 0cm;\">S.-V.P.A.M.* (* Super Visual Perfect Algebraic Method)<\/p>\n<\/li>\n<li>\n<p style=\"margin-bottom: 0cm;\">C\u00e1lculo de regresi\u00f3n<\/p>\n<\/li>\n<li>\n<p style=\"margin-bottom: 0cm;\">Memoria de variables\/Memoria acumulativa<\/p>\n<\/li>\n<li>\n<p style=\"margin-bottom: 0cm;\">Funciones hiperb\u00f3licas e hiperb\u00f3licas inversas<\/p>\n<\/li>\n<li>\n<p style=\"margin-bottom: 0cm;\">C\u00e1lculo autom\u00e1tico de fracciones<\/p>\n<\/li>\n<li>\n<p style=\"margin-bottom: 0cm;\">Generador de n\u00fameros aleatorios<\/p>\n<\/li>\n<li>\n<p style=\"margin-bottom: 0cm;\">Conversi\u00f3n de sexagesimal a decimal y viceversa<\/p>\n<\/li>\n<li>\n<p style=\"margin-bottom: 0cm;\">C\u00e1lculo en grado centesimal, grado sexagesimal y medida de arco<\/p>\n<\/li>\n<li>\n<p style=\"margin-bottom: 0cm;\">C\u00e1lculo de coordenadas polares en coordenadas rectangulares y viceversa<\/p>\n<\/li>\n<li>\n<p style=\"margin-bottom: 0cm;\">Estad\u00edstica bidimensional con c\u00e1lculo de media, valor estimado y suma<\/p>\n<\/li>\n<li>\n<p style=\"margin-bottom: 0cm;\">Permutaci\u00f3n y combinatoria<\/p>\n<\/li>\n<li>\n<p style=\"margin-bottom: 0cm;\">C\u00e1lculo de 6 tipos de regresi\u00f3n diferentes y de los coeficientes A, B<\/p>\n<\/li>\n<li>\n<p style=\"margin-bottom: 0cm;\">Con carcasa r\u00edgida<\/p>\n<\/li>\n<li>\n<p style=\"margin-bottom: 0cm;\">Disponible modelo para retroproyector adicional<\/p>\n<\/li>\n<li>\n<p style=\"margin-bottom: 0cm;\">Tama\u00f1o (Al. x An. x Pr.): 19 x 85 x 156 mm<\/p>\n<\/li>\n<li>\n<p style=\"margin-bottom: 0cm;\">Peso: 120 g<\/p>\n<\/li>\n<li>Suministro de energ\u00eda: 1 pila de reserva AA<\/li>\n<\/ul>\n","protected":false},"excerpt":{"rendered":"<p style=\"font-weight: normal; text-decoration: none;\"><span style=\"font-size: medium;\">Calculadora escolar est\u00e1ndar con pantalla de 2 l\u00edneas y dise\u00f1o ergon\u00f3mico<\/span><\/p>\n<p style=\"margin-bottom: 0cm;\">Gran pantalla de 2 l\u00edneas<\/p>\n<p>C\u00f3modo sistema de men\u00fas para c\u00e1lculos estad\u00edsticos<\/p>\n<p>240 funciones<\/p>\n","protected":false},"featured_media":32082,"template":"","meta":[],"product_brand":[],"product_cat":[73],"product_tag":[],"class_list":{"0":"post-32085","1":"product","2":"type-product","3":"status-publish","4":"has-post-thumbnail","6":"product_cat-liceo-frances","8":"first","9":"instock","10":"taxable","11":"shipping-taxable","12":"purchasable","13":"product-type-simple"},"_links":{"self":[{"href":"https:\/\/www.papeleriaaquarela.com\/index.php?rest_route=\/wp\/v2\/product\/32085","targetHints":{"allow":["GET"]}}],"collection":[{"href":"https:\/\/www.papeleriaaquarela.com\/index.php?rest_route=\/wp\/v2\/product"}],"about":[{"href":"https:\/\/www.papeleriaaquarela.com\/index.php?rest_route=\/wp\/v2\/types\/product"}],"version-history":[{"count":1,"href":"https:\/\/www.papeleriaaquarela.com\/index.php?rest_route=\/wp\/v2\/product\/32085\/revisions"}],"predecessor-version":[{"id":36391,"href":"https:\/\/www.papeleriaaquarela.com\/index.php?rest_route=\/wp\/v2\/product\/32085\/revisions\/36391"}],"wp:featuredmedia":[{"embeddable":true,"href":"https:\/\/www.papeleriaaquarela.com\/index.php?rest_route=\/wp\/v2\/media\/32082"}],"wp:attachment":[{"href":"https:\/\/www.papeleriaaquarela.com\/index.php?rest_route=%2Fwp%2Fv2%2Fmedia&parent=32085"}],"wp:term":[{"taxonomy":"product_brand","embeddable":true,"href":"https:\/\/www.papeleriaaquarela.com\/index.php?rest_route=%2Fwp%2Fv2%2Fproduct_brand&post=32085"},{"taxonomy":"product_cat","embeddable":true,"href":"https:\/\/www.papeleriaaquarela.com\/index.php?rest_route=%2Fwp%2Fv2%2Fproduct_cat&post=32085"},{"taxonomy":"product_tag","embeddable":true,"href":"https:\/\/www.papeleriaaquarela.com\/index.php?rest_route=%2Fwp%2Fv2%2Fproduct_tag&post=32085"}],"curies":[{"name":"wp","href":"https:\/\/api.w.org\/{rel}","templated":true}]}}